{"id":121,"date":"2023-02-05T14:10:51","date_gmt":"2023-02-05T12:10:51","guid":{"rendered":"http:\/\/www.elevatorarchitect.net\/?page_id=121"},"modified":"2023-07-17T14:38:07","modified_gmt":"2023-07-17T12:38:07","slug":"startseite","status":"publish","type":"page","link":"https:\/\/www.elevatorarchitect.com\/de\/","title":{"rendered":"Startseite"},"content":{"rendered":"\n<h3>\n\t\tWeil Sie Besseres zu tun haben:\n\t<\/h3>\n<h1>\n\t\tSchneller zum pr\u00e4zisen Aufzug BIM-Modell\n\t<\/h1>\n\t<h3>Prozess-Sicherheit steigern, Planungsrisiko senken:\u00a0Mit Elevatorarchitect das Thema Aufzug\u00a0jetzt effizient durchdringen und sauber abhaken.<\/h3>\n<h3>Gedacht f\u00fcr Architekten. Designed by DigiPara &#8211; dem f\u00fchrenden Experten f\u00fcr Aufzugsplanung.<\/h3>\n\t\t\t<a href=\"https:\/\/www.elevatorarchitect.com\/de\/anmeldung\/\" target=\"_self\" rel=\"noopener\">\n\t\t\t\t\t\t\tHier kostenlos starten\n\t\t\t\t\t<\/a>\n\t\t\t<a href=\"https:\/\/www.elevatorarchitect.com\/wp-content\/uploads\/2023\/04\/2023-02-15_MyFirstRevitFamily.mp4\" role=\"button\">\n\t\t\t\t\t\t\t<\/a>\n\t\t\t\t<img decoding=\"async\" src=\"https:\/\/www.elevatorarchitect.com\/wp-content\/uploads\/2023\/04\/EAO_visual_01_marktbreite_750px.png\" alt=\"EAO_visual_01_marktbreite_750px\" itemprop=\"image\" height=\"413\" width=\"750\" title=\"EAO_visual_01_marktbreite_750px\" onerror=\"this.style.display='none'\"  \/>\n\t<p>Echtzeit-Mitschnitt: In 90 Sekunden zum konkreten BIM-Modell<\/p>\n\t\t\t\t<img decoding=\"async\" src=\"https:\/\/www.elevatorarchitect.com\/wp-content\/uploads\/2023\/05\/230509_Cover_Ckeckliste_Lead_magnet_01-211x300.png\" alt=\"230509_Cover_Ckeckliste_Lead_magnet_01\" itemprop=\"image\" height=\"300\" width=\"211\" title=\"230509_Cover_Ckeckliste_Lead_magnet_01\" onerror=\"this.style.display='none'\"  \/>\n\t<h4>Checkliste: Die 5 wichtigsten Qualit\u00e4tsmerkmale, an denen Sie hochwertige BIM-Modelle erkennen<\/h4>\n\t<div class=\"wpforms-container wpforms-container-full\" id=\"wpforms-767\"><form id=\"wpforms-form-767\" class=\"wpforms-validate wpforms-form wpforms-ajax-form\" data-formid=\"767\" method=\"post\" enctype=\"multipart\/form-data\" action=\"\/de\/wp-json\/wp\/v2\/pages\/121\" data-token=\"4505c8f17cf2670581c3264d07392359\" data-token-time=\"1778070812\"><noscript class=\"wpforms-error-noscript\">Bitte aktiviere JavaScript in deinem Browser, um dieses Formular fertigzustellen.<\/noscript><div class=\"wpforms-field-container\"><div id=\"wpforms-767-field_7-container\" class=\"wpforms-field wpforms-field-layout\" data-field-id=\"7\"><div class=\"wpforms-field-layout-columns wpforms-field-layout-preset-50-50\"><div class=\"wpforms-layout-column wpforms-layout-column-50\" ><div id=\"wpforms-767-field_3-container\" class=\"wpforms-field wpforms-field-text\" data-field-id=\"3\"><label class=\"wpforms-field-label wpforms-label-hide\" for=\"wpforms-767-field_3\">Name <span class=\"wpforms-required-label\">*<\/span><\/label><input type=\"text\" id=\"wpforms-767-field_3\" class=\"wpforms-field-medium wpforms-field-required\" name=\"wpforms[fields][3]\" placeholder=\"Name\" required><\/div><\/div><div class=\"wpforms-layout-column wpforms-layout-column-50\" ><div id=\"wpforms-767-field_2-container\" class=\"wpforms-field wpforms-field-email\" data-field-id=\"2\"><label class=\"wpforms-field-label wpforms-label-hide\" for=\"wpforms-767-field_2\">Email <span class=\"wpforms-required-label\">*<\/span><\/label><input type=\"email\" id=\"wpforms-767-field_2\" class=\"wpforms-field-medium wpforms-field-required\" name=\"wpforms[fields][2]\" placeholder=\"E-Mail-Adresse\" spellcheck=\"false\" required><\/div><\/div><\/div><\/div><\/div><!-- .wpforms-field-container --><div class=\"wpforms-submit-container\" ><input type=\"hidden\" name=\"wpforms[id]\" value=\"767\"><input type=\"hidden\" name=\"page_title\" value=\"\"><input type=\"hidden\" name=\"page_url\" value=\"https:\/\/www.elevatorarchitect.com\/de\/wp-json\/wp\/v2\/pages\/121\"><input type=\"hidden\" name=\"url_referer\" value=\"\"><button type=\"submit\" name=\"wpforms[submit]\" id=\"wpforms-submit-767\" class=\"wpforms-submit wpforms-button-light\" data-alt-text=\"Sending...\" data-submit-text=\"Download\" aria-live=\"assertive\" value=\"wpforms-submit\">Download<\/button><img decoding=\"async\" src=\"https:\/\/www.elevatorarchitect.com\/wp-content\/plugins\/wpforms\/assets\/images\/submit-spin.svg\" class=\"wpforms-submit-spinner\" style=\"display: none;\" width=\"26\" height=\"26\" alt=\"Wird geladen\"><\/div><\/form><\/div>  <!-- .wpforms-container -->\n<h5>\n\t\tF\u00fchrende Unternehmen der Aufzugsbranche vertrauen auf Digipara\n\t<\/h5>\n\t\t\t\t<img decoding=\"async\" src=\"https:\/\/www.elevatorarchitect.com\/wp-content\/uploads\/2023\/04\/OTIS_140x140px.png\" alt=\"OTIS_140x140px\" itemprop=\"image\" height=\"140\" width=\"140\" title=\"OTIS_140x140px\" onerror=\"this.style.display='none'\"  \/>\n\t\t\t\t<img decoding=\"async\" src=\"https:\/\/www.elevatorarchitect.com\/wp-content\/uploads\/2023\/04\/Schindler_140x140px.png\" alt=\"Schindler_140x140px\" itemprop=\"image\" height=\"140\" width=\"140\" title=\"Schindler_140x140px\" onerror=\"this.style.display='none'\"  \/>\n\t\t\t\t<img decoding=\"async\" src=\"https:\/\/www.elevatorarchitect.com\/wp-content\/uploads\/2023\/04\/TKE_140x140px.png\" alt=\"TKE_140x140px\" itemprop=\"image\" height=\"140\" width=\"140\" title=\"TKE_140x140px\" onerror=\"this.style.display='none'\"  \/>\n\t\t\t\t<img decoding=\"async\" src=\"https:\/\/www.elevatorarchitect.com\/wp-content\/uploads\/2023\/04\/Cibes_140x140px.png\" alt=\"Cibes_140x140px\" itemprop=\"image\" height=\"140\" width=\"140\" title=\"Cibes_140x140px\" onerror=\"this.style.display='none'\"  \/>\n\t\t\t\t<img decoding=\"async\" src=\"https:\/\/www.elevatorarchitect.com\/wp-content\/uploads\/2023\/04\/mp_140x140px.png\" alt=\"mp_140x140px\" itemprop=\"image\" height=\"140\" width=\"140\" title=\"mp_140x140px\" onerror=\"this.style.display='none'\"  \/>\n\t\t\t\t<img decoding=\"async\" src=\"https:\/\/www.elevatorarchitect.com\/wp-content\/uploads\/2023\/04\/schmitt_sohn_140x140px.png\" alt=\"schmitt_sohn_140x140px\" itemprop=\"image\" height=\"140\" width=\"140\" title=\"schmitt_sohn_140x140px\" onerror=\"this.style.display='none'\"  \/>\n\t1.\n<h2>\n\t\tVerschaffen Sie sich den Markt-\u00dcberblick!\u00a0\u00a0\n\t<\/h2>\n\t<p>Ihre All-in-One-Solution zur optimalen Modell-Auswahl &#8211; konfigurieren per Maus-Click:<\/p>\n<ul>\n<li>Alle relevanten Planungs-Parameter<\/li>\n<li>Alle wichtigen Hersteller-Marken<\/li>\n<li>Verschiedenste Aufzugs-Arten<\/li>\n<li>Mehr als 100.00 Kombination<\/li>\n<\/ul>\n\t\t\t<a href=\"https:\/\/www.elevatorarchitect.com\/de\/anmeldung\/\" target=\"_self\" rel=\"noopener\">\n\t\t\t\t\t\t\tHier kostenlos starten\n\t\t\t\t\t<\/a>\n\t<p>\u201eLorem ipsum dolor sit amet, consetetur sadipscing elitr, sed diam nonumy eirmod tempor invidunt ut labore et dolore magna aliquyam erat, sed diam voluptua.&#8221;<\/p>\n\t<p>Vorname Name, Firma<\/p>\n<h3>\n\t\tVolle Markt-Breite\n\t<\/h3>\n\t\t\t\t<img decoding=\"async\" src=\"https:\/\/www.elevatorarchitect.com\/wp-content\/uploads\/2023\/04\/EAO_visual_01_marktbreite_750px.png\" alt=\"EAO_visual_01_marktbreite_750px\" itemprop=\"image\" height=\"413\" width=\"750\" title=\"EAO_visual_01_marktbreite_750px\" onerror=\"this.style.display='none'\"  \/>\n\t2.\n<h2>\n\t\tMit akkuraten BIM-Modellen auf der sicheren Seite\u00a0\n\t<\/h2>\n<h3>\n\t\tQualit\u00e4t garantiert\n\t<\/h3>\n\t\t\t\t<img decoding=\"async\" src=\"https:\/\/www.elevatorarchitect.com\/wp-content\/uploads\/2023\/04\/EAO_visual_02_qualitaet_750px.png\" alt=\"EAO_visual_02_qualitaet_750px\" itemprop=\"image\" height=\"413\" width=\"750\" title=\"EAO_visual_02_qualitaet_750px\" onerror=\"this.style.display='none'\"  \/>\n\t<p>Erstellen, zusammenarbeiten, teilen &#8211; so einfach und gewinnbringend wie BIM nur sein kann:<\/p>\n<ul>\n<li>Klarer, einheitlicher Konfigurations-Prozess f\u00fcr alle Anbieter<\/li>\n<li>Zertifizierte, stets aktuelle Herstellerdaten<\/li>\n<li>Hochwertige, funktionale Aufzug BIM-Modelle<\/li>\n<li>Automatische Ber\u00fccksichtigung gesetzlicher Normen und Richtlinien<\/li>\n<\/ul>\n\t\t\t<a href=\"https:\/\/www.elevatorarchitect.com\/de\/anmeldung\/\" target=\"_self\" rel=\"noopener\">\n\t\t\t\t\t\t\tHier kostenlos starten\n\t\t\t\t\t<\/a>\n\t\t\t\t<img decoding=\"async\" src=\"https:\/\/www.elevatorarchitect.com\/wp-content\/uploads\/2023\/02\/Fasnacht-1-circle-150x150.png\" alt=\"Fasnacht-1-circle\" itemprop=\"image\" height=\"150\" width=\"150\" title=\"Fasnacht-1-circle\" onerror=\"this.style.display='none'\"  \/>\n\t<p>\u201eLorem ipsum dolor sit amet, consetetur sadipscing elitr, sed diam nonumy eirmod tempor invidunt ut labore et dolore magna aliquyam erat, sed diam voluptua.&#8221;<\/p>\n\t<p>Vorname Name, Firma<\/p>\n\t3.\n<h2>\n\t\tSchlanke L\u00f6sung, hochflexibel einsetzbar!\u00a0\n\t<\/h2>\n\t<p>Egal wie gro\u00df das Architektenteam &#8211; unsere moderne Online-Anwendung passt sich perfekt allen Anforderungen und Workflows an:<\/p>\n<ul>\n<li>Extrem intuitiv: Sicher einsteigen<\/li>\n<li>Von \u00fcberall auf Ihre Aufzugs-Entw\u00fcrfe zugreifen<\/li>\n<li>Flexibel w\u00e4hlen zwischen Autodesk Revit und IFC<\/li>\n<li>Keinerlei Installation &#8211; Software-as-a-Service<\/li>\n<li>Stets up-to-date: Ohne Wartungsaufwand<\/li>\n<\/ul>\n\t\t\t<a href=\"https:\/\/www.elevatorarchitect.com\/de\/anmeldung\/\" target=\"_self\" rel=\"noopener\">\n\t\t\t\t\t\t\tHier kostenlos starten\n\t\t\t\t\t<\/a>\n\t\t\t\t<img decoding=\"async\" src=\"https:\/\/www.elevatorarchitect.com\/wp-content\/uploads\/2023\/02\/Fasnacht-1-circle-150x150.png\" alt=\"Fasnacht-1-circle\" itemprop=\"image\" height=\"150\" width=\"150\" title=\"Fasnacht-1-circle\" onerror=\"this.style.display='none'\"  \/>\n\t<p>\u201eLorem ipsum dolor sit amet, consetetur sadipscing elitr, sed diam nonumy eirmod tempor invidunt ut labore et dolore magna aliquyam erat, sed diam voluptua.&#8221;<\/p>\n\t<p>Vorname Name, Firma<\/p>\n<h3>\n\t\tGanz einfach loslegen\n\t<\/h3>\n\t\t\t\t<img decoding=\"async\" src=\"https:\/\/www.elevatorarchitect.com\/wp-content\/uploads\/2023\/04\/EAO_visual_03_einfach_750px.png\" alt=\"EAO_visual_03_einfach_750px\" itemprop=\"image\" height=\"413\" width=\"750\" title=\"EAO_visual_03_einfach_750px\" onerror=\"this.style.display='none'\"  \/>\n\t\t\t\t<img decoding=\"async\" src=\"https:\/\/www.elevatorarchitect.com\/wp-content\/uploads\/2023\/02\/fleischmann-2019-1-150x150.png\" alt=\"fleischmann-2019-1\" itemprop=\"image\" height=\"150\" width=\"150\" title=\"fleischmann-2019-1\" onerror=\"this.style.display='none'\"  \/>\n\t<p>\u201eDigiPara ist DER Ansprechpartner f\u00fcr Aufzugsfirmen weltweit. DigiPara Elevatorarchitect ist unser gesammeltes Know-how als Planungssoftware- und BIM Experte &#8211; aber zugeschnitten auf Ihren Bedarf als Architekt: Exakt das, was Sie brauchen! Nicht mehr. Nicht weniger.&#8221;<\/p>\n\t<p>Andreas Fleischmann, CEO DigiPara AG<\/p>\n<h5>\n\t\tInternationale Architekten nutzen DigiPara\n\t<\/h5>\n\t\t\t\t<img decoding=\"async\" src=\"https:\/\/www.elevatorarchitect.com\/wp-content\/uploads\/2023\/04\/Hassell_140x140px.png\" alt=\"Hassell_140x140px\" itemprop=\"image\" height=\"140\" width=\"140\" title=\"Hassell_140x140px\" onerror=\"this.style.display='none'\"  \/>\n\t\t\t\t<img decoding=\"async\" src=\"https:\/\/www.elevatorarchitect.com\/wp-content\/uploads\/2023\/04\/Ramboll_140x140px.png\" alt=\"Ramboll_140x140px\" itemprop=\"image\" height=\"140\" width=\"140\" title=\"Ramboll_140x140px\" onerror=\"this.style.display='none'\"  \/>\n\t\t\t\t<img decoding=\"async\" src=\"https:\/\/www.elevatorarchitect.com\/wp-content\/uploads\/2023\/04\/Aecom_140x140px.png\" alt=\"Aecom_140x140px\" itemprop=\"image\" height=\"140\" width=\"140\" title=\"Aecom_140x140px\" onerror=\"this.style.display='none'\"  \/>\n\t\t\t\t<img decoding=\"async\" src=\"https:\/\/www.elevatorarchitect.com\/wp-content\/uploads\/2023\/04\/boogertman_140x140px.png\" alt=\"boogertman_140x140px\" itemprop=\"image\" height=\"140\" width=\"140\" title=\"boogertman_140x140px\" onerror=\"this.style.display='none'\"  \/>\n\t\t\t\t<img decoding=\"async\" src=\"https:\/\/www.elevatorarchitect.com\/wp-content\/uploads\/2023\/05\/230509_Cover_Ckeckliste_Lead_magnet_01-211x300.png\" alt=\"230509_Cover_Ckeckliste_Lead_magnet_01\" itemprop=\"image\" height=\"300\" width=\"211\" title=\"230509_Cover_Ckeckliste_Lead_magnet_01\" onerror=\"this.style.display='none'\"  \/>\n\t<h4>Checkliste: Die 5 wichtigsten Qualit\u00e4tsmerkmale, an denen Sie hochwertige BIM-Modelle erkennen<\/h4>\n\t<div class=\"wpforms-container wpforms-container-full\" id=\"wpforms-767\"><form id=\"wpforms-form-767\" class=\"wpforms-validate wpforms-form wpforms-ajax-form\" data-formid=\"767\" method=\"post\" enctype=\"multipart\/form-data\" action=\"\/de\/wp-json\/wp\/v2\/pages\/121\" data-token=\"4505c8f17cf2670581c3264d07392359\" data-token-time=\"1778070812\"><noscript class=\"wpforms-error-noscript\">Bitte aktiviere JavaScript in deinem Browser, um dieses Formular fertigzustellen.<\/noscript><div class=\"wpforms-field-container\"><div id=\"wpforms-767-field_7-container\" class=\"wpforms-field wpforms-field-layout\" data-field-id=\"7\"><div class=\"wpforms-field-layout-columns wpforms-field-layout-preset-50-50\"><div class=\"wpforms-layout-column wpforms-layout-column-50\" ><div id=\"wpforms-767-field_3-container\" class=\"wpforms-field wpforms-field-text\" data-field-id=\"3\"><label class=\"wpforms-field-label wpforms-label-hide\" for=\"wpforms-767-field_3\">Name <span class=\"wpforms-required-label\">*<\/span><\/label><input type=\"text\" id=\"wpforms-767-field_3\" class=\"wpforms-field-medium wpforms-field-required\" name=\"wpforms[fields][3]\" placeholder=\"Name\" required><\/div><\/div><div class=\"wpforms-layout-column wpforms-layout-column-50\" ><div id=\"wpforms-767-field_2-container\" class=\"wpforms-field wpforms-field-email\" data-field-id=\"2\"><label class=\"wpforms-field-label wpforms-label-hide\" for=\"wpforms-767-field_2\">Email <span class=\"wpforms-required-label\">*<\/span><\/label><input type=\"email\" id=\"wpforms-767-field_2\" class=\"wpforms-field-medium wpforms-field-required\" name=\"wpforms[fields][2]\" placeholder=\"E-Mail-Adresse\" spellcheck=\"false\" required><\/div><\/div><\/div><\/div><\/div><!-- .wpforms-field-container --><div class=\"wpforms-submit-container\" ><input type=\"hidden\" name=\"wpforms[id]\" value=\"767\"><input type=\"hidden\" name=\"page_title\" value=\"\"><input type=\"hidden\" name=\"page_url\" value=\"https:\/\/www.elevatorarchitect.com\/de\/wp-json\/wp\/v2\/pages\/121\"><input type=\"hidden\" name=\"url_referer\" value=\"\"><button type=\"submit\" name=\"wpforms[submit]\" id=\"wpforms-submit-767\" class=\"wpforms-submit wpforms-button-light\" data-alt-text=\"Sending...\" data-submit-text=\"Download\" aria-live=\"assertive\" value=\"wpforms-submit\">Download<\/button><img decoding=\"async\" src=\"https:\/\/www.elevatorarchitect.com\/wp-content\/plugins\/wpforms\/assets\/images\/submit-spin.svg\" class=\"wpforms-submit-spinner\" style=\"display: none;\" width=\"26\" height=\"26\" alt=\"Wird geladen\"><\/div><\/form><\/div>  <!-- .wpforms-container -->\n\n","protected":false},"excerpt":{"rendered":"<p>Weil Sie Besseres zu tun haben: Schneller zum pr\u00e4zisen Aufzug BIM-Modell Prozess-Sicherheit steigern, Planungsrisiko senken:\u00a0Mit Elevatorarchitect das Thema Aufzug\u00a0jetzt effizient durchdringen und sauber abhaken. Gedacht f\u00fcr Architekten. Designed by DigiPara &#8211; dem f\u00fchrenden Experten f\u00fcr Aufzugsplanung. Hier kostenlos starten Echtzeit-Mitschnitt: In 90 Sekunden zum konkreten BIM-Modell Checkliste: Die 5 wichtigsten Qualit\u00e4tsmerkmale, an denen Sie hochwertige&hellip;<\/p>\n","protected":false},"author":2,"featured_media":42,"parent":0,"menu_order":0,"comment_status":"closed","ping_status":"closed","template":"","meta":{"inline_featured_image":false,"footnotes":""},"class_list":["post-121","page","type-page","status-publish","has-post-thumbnail","hentry"],"yoast_head":"<!-- This site is optimized with the Yoast SEO Premium plugin v27.4 (Yoast SEO v27.4) - https:\/\/yoast.com\/product\/yoast-seo-premium-wordpress\/ -->\n<title>Startseite - DigiPara Elevatorarchitect<\/title>\n<meta name=\"robots\" content=\"index, follow, max-snippet:-1, max-image-preview:large, max-video-preview:-1\" \/>\n<link rel=\"canonical\" href=\"https:\/\/www.elevatorarchitect.com\/de\/\" \/>\n<meta property=\"og:locale\" content=\"de_DE\" \/>\n<meta property=\"og:type\" content=\"article\" \/>\n<meta property=\"og:title\" content=\"Startseite\" \/>\n<meta property=\"og:description\" content=\"Weil Sie Besseres zu tun haben: Schneller zum pr\u00e4zisen Aufzug BIM-Modell Prozess-Sicherheit steigern, Planungsrisiko senken:\u00a0Mit Elevatorarchitect das Thema Aufzug\u00a0jetzt effizient durchdringen und sauber abhaken. Gedacht f\u00fcr Architekten. Designed by DigiPara &#8211; dem f\u00fchrenden Experten f\u00fcr Aufzugsplanung. Hier kostenlos starten Echtzeit-Mitschnitt: In 90 Sekunden zum konkreten BIM-Modell Checkliste: Die 5 wichtigsten Qualit\u00e4tsmerkmale, an denen Sie hochwertige&hellip;\" \/>\n<meta property=\"og:url\" content=\"https:\/\/www.elevatorarchitect.com\/de\/\" \/>\n<meta property=\"og:site_name\" content=\"DigiPara Elevatorarchitect\" \/>\n<meta property=\"article:modified_time\" content=\"2023-07-17T12:38:07+00:00\" \/>\n<meta property=\"og:image\" content=\"https:\/\/www.elevatorarchitect.com\/wp-content\/uploads\/2023\/01\/2023-01-28_14-11-40.png\" \/>\n\t<meta property=\"og:image:width\" content=\"1436\" \/>\n\t<meta property=\"og:image:height\" content=\"803\" \/>\n\t<meta property=\"og:image:type\" content=\"image\/png\" \/>\n<meta name=\"twitter:card\" content=\"summary_large_image\" \/>\n<script type=\"application\/ld+json\" class=\"yoast-schema-graph\">{\"@context\":\"https:\\\/\\\/schema.org\",\"@graph\":[{\"@type\":\"WebPage\",\"@id\":\"https:\\\/\\\/www.elevatorarchitect.com\\\/de\\\/\",\"url\":\"https:\\\/\\\/www.elevatorarchitect.com\\\/de\\\/\",\"name\":\"Startseite - DigiPara Elevatorarchitect\",\"isPartOf\":{\"@id\":\"https:\\\/\\\/www.elevatorarchitect.com\\\/#website\"},\"primaryImageOfPage\":{\"@id\":\"https:\\\/\\\/www.elevatorarchitect.com\\\/de\\\/#primaryimage\"},\"image\":{\"@id\":\"https:\\\/\\\/www.elevatorarchitect.com\\\/de\\\/#primaryimage\"},\"thumbnailUrl\":\"https:\\\/\\\/www.elevatorarchitect.com\\\/wp-content\\\/uploads\\\/2023\\\/01\\\/2023-01-28_14-11-40.png\",\"datePublished\":\"2023-02-05T12:10:51+00:00\",\"dateModified\":\"2023-07-17T12:38:07+00:00\",\"breadcrumb\":{\"@id\":\"https:\\\/\\\/www.elevatorarchitect.com\\\/de\\\/#breadcrumb\"},\"inLanguage\":\"de\",\"potentialAction\":[{\"@type\":\"ReadAction\",\"target\":[\"https:\\\/\\\/www.elevatorarchitect.com\\\/de\\\/\"]}]},{\"@type\":\"ImageObject\",\"inLanguage\":\"de\",\"@id\":\"https:\\\/\\\/www.elevatorarchitect.com\\\/de\\\/#primaryimage\",\"url\":\"https:\\\/\\\/www.elevatorarchitect.com\\\/wp-content\\\/uploads\\\/2023\\\/01\\\/2023-01-28_14-11-40.png\",\"contentUrl\":\"https:\\\/\\\/www.elevatorarchitect.com\\\/wp-content\\\/uploads\\\/2023\\\/01\\\/2023-01-28_14-11-40.png\",\"width\":1436,\"height\":803},{\"@type\":\"BreadcrumbList\",\"@id\":\"https:\\\/\\\/www.elevatorarchitect.com\\\/de\\\/#breadcrumb\",\"itemListElement\":[{\"@type\":\"ListItem\",\"position\":1,\"name\":\"Home\",\"item\":\"https:\\\/\\\/www.elevatorarchitect.com\\\/de\\\/\"},{\"@type\":\"ListItem\",\"position\":2,\"name\":\"Startseite\"}]},{\"@type\":\"WebSite\",\"@id\":\"https:\\\/\\\/www.elevatorarchitect.com\\\/#website\",\"url\":\"https:\\\/\\\/www.elevatorarchitect.com\\\/\",\"name\":\"DigiPara Elevatorarchitect\",\"description\":\"Elevator BIM models for Architects\",\"potentialAction\":[{\"@type\":\"SearchAction\",\"target\":{\"@type\":\"EntryPoint\",\"urlTemplate\":\"https:\\\/\\\/www.elevatorarchitect.com\\\/?s={search_term_string}\"},\"query-input\":{\"@type\":\"PropertyValueSpecification\",\"valueRequired\":true,\"valueName\":\"search_term_string\"}}],\"inLanguage\":\"de\"}]}<\/script>\n<!-- \/ Yoast SEO Premium plugin. -->","yoast_head_json":{"title":"Startseite - DigiPara Elevatorarchitect","robots":{"index":"index","follow":"follow","max-snippet":"max-snippet:-1","max-image-preview":"max-image-preview:large","max-video-preview":"max-video-preview:-1"},"canonical":"https:\/\/www.elevatorarchitect.com\/de\/","og_locale":"de_DE","og_type":"article","og_title":"Startseite","og_description":"Weil Sie Besseres zu tun haben: Schneller zum pr\u00e4zisen Aufzug BIM-Modell Prozess-Sicherheit steigern, Planungsrisiko senken:\u00a0Mit Elevatorarchitect das Thema Aufzug\u00a0jetzt effizient durchdringen und sauber abhaken. Gedacht f\u00fcr Architekten. Designed by DigiPara &#8211; dem f\u00fchrenden Experten f\u00fcr Aufzugsplanung. Hier kostenlos starten Echtzeit-Mitschnitt: In 90 Sekunden zum konkreten BIM-Modell Checkliste: Die 5 wichtigsten Qualit\u00e4tsmerkmale, an denen Sie hochwertige&hellip;","og_url":"https:\/\/www.elevatorarchitect.com\/de\/","og_site_name":"DigiPara Elevatorarchitect","article_modified_time":"2023-07-17T12:38:07+00:00","og_image":[{"width":1436,"height":803,"url":"https:\/\/www.elevatorarchitect.com\/wp-content\/uploads\/2023\/01\/2023-01-28_14-11-40.png","type":"image\/png"}],"twitter_card":"summary_large_image","schema":{"@context":"https:\/\/schema.org","@graph":[{"@type":"WebPage","@id":"https:\/\/www.elevatorarchitect.com\/de\/","url":"https:\/\/www.elevatorarchitect.com\/de\/","name":"Startseite - DigiPara Elevatorarchitect","isPartOf":{"@id":"https:\/\/www.elevatorarchitect.com\/#website"},"primaryImageOfPage":{"@id":"https:\/\/www.elevatorarchitect.com\/de\/#primaryimage"},"image":{"@id":"https:\/\/www.elevatorarchitect.com\/de\/#primaryimage"},"thumbnailUrl":"https:\/\/www.elevatorarchitect.com\/wp-content\/uploads\/2023\/01\/2023-01-28_14-11-40.png","datePublished":"2023-02-05T12:10:51+00:00","dateModified":"2023-07-17T12:38:07+00:00","breadcrumb":{"@id":"https:\/\/www.elevatorarchitect.com\/de\/#breadcrumb"},"inLanguage":"de","potentialAction":[{"@type":"ReadAction","target":["https:\/\/www.elevatorarchitect.com\/de\/"]}]},{"@type":"ImageObject","inLanguage":"de","@id":"https:\/\/www.elevatorarchitect.com\/de\/#primaryimage","url":"https:\/\/www.elevatorarchitect.com\/wp-content\/uploads\/2023\/01\/2023-01-28_14-11-40.png","contentUrl":"https:\/\/www.elevatorarchitect.com\/wp-content\/uploads\/2023\/01\/2023-01-28_14-11-40.png","width":1436,"height":803},{"@type":"BreadcrumbList","@id":"https:\/\/www.elevatorarchitect.com\/de\/#breadcrumb","itemListElement":[{"@type":"ListItem","position":1,"name":"Home","item":"https:\/\/www.elevatorarchitect.com\/de\/"},{"@type":"ListItem","position":2,"name":"Startseite"}]},{"@type":"WebSite","@id":"https:\/\/www.elevatorarchitect.com\/#website","url":"https:\/\/www.elevatorarchitect.com\/","name":"DigiPara Elevatorarchitect","description":"Elevator BIM models for Architects","potentialAction":[{"@type":"SearchAction","target":{"@type":"EntryPoint","urlTemplate":"https:\/\/www.elevatorarchitect.com\/?s={search_term_string}"},"query-input":{"@type":"PropertyValueSpecification","valueRequired":true,"valueName":"search_term_string"}}],"inLanguage":"de"}]}},"_links":{"self":[{"href":"https:\/\/www.elevatorarchitect.com\/de\/wp-json\/wp\/v2\/pages\/121","targetHints":{"allow":["GET"]}}],"collection":[{"href":"https:\/\/www.elevatorarchitect.com\/de\/wp-json\/wp\/v2\/pages"}],"about":[{"href":"https:\/\/www.elevatorarchitect.com\/de\/wp-json\/wp\/v2\/types\/page"}],"author":[{"embeddable":true,"href":"https:\/\/www.elevatorarchitect.com\/de\/wp-json\/wp\/v2\/users\/2"}],"replies":[{"embeddable":true,"href":"https:\/\/www.elevatorarchitect.com\/de\/wp-json\/wp\/v2\/comments?post=121"}],"version-history":[{"count":3,"href":"https:\/\/www.elevatorarchitect.com\/de\/wp-json\/wp\/v2\/pages\/121\/revisions"}],"predecessor-version":[{"id":1910,"href":"https:\/\/www.elevatorarchitect.com\/de\/wp-json\/wp\/v2\/pages\/121\/revisions\/1910"}],"wp:featuredmedia":[{"embeddable":true,"href":"https:\/\/www.elevatorarchitect.com\/de\/wp-json\/wp\/v2\/media\/42"}],"wp:attachment":[{"href":"https:\/\/www.elevatorarchitect.com\/de\/wp-json\/wp\/v2\/media?parent=121"}],"curies":[{"name":"wp","href":"https:\/\/api.w.org\/{rel}","templated":true}]}}