{"id":172,"date":"2023-02-07T05:25:27","date_gmt":"2023-02-07T03:25:27","guid":{"rendered":"http:\/\/www.elevatorarchitect.net\/?page_id=172"},"modified":"2023-06-21T08:44:22","modified_gmt":"2023-06-21T06:44:22","slug":"preise","status":"publish","type":"page","link":"https:\/\/www.elevatorarchitect.com\/de\/preise\/","title":{"rendered":"Preise"},"content":{"rendered":"\n<h1>\n\t\tSchneller zum pr\u00e4zisen Aufzug BIM-Modell\n\t<\/h1>\n<h3>\n\t\tVolle Markt-Breite. Qualit\u00e4t garantiert. Ganz einfach loslegen!\n\t<\/h3>\n\t\t\t\t<img decoding=\"async\" src=\"https:\/\/www.elevatorarchitect.com\/wp-content\/uploads\/2023\/05\/Stoerer_money_back_de-150x150.png\" alt=\"Stoerer_money_back_de\" itemprop=\"image\" height=\"150\" width=\"150\" title=\"Stoerer_money_back_de\" onerror=\"this.style.display='none'\"  \/>\n   J\u00e4hrlich -20% \n   Monatlich \n<h4>\n\t\tFree\n\t<\/h4>\n\t<p>Beginnen Sie sofort mit Erstellung Ihres ersten Aufzug BIM-Modells. <\/p>\n<h4>\n\t\t0 \u20ac\n\t<\/h4>\n\t<p>Kostenlos<\/p>\n\t<p>Speicherplatz f\u00fcr<\/p>\n\t<p><strong>5<\/strong><\/p>\n\t<p>Aufzug-Projekte<\/p>\n\t\t\t<a href=\"https:\/\/www.elevatorarchitect.com\/de\/anmeldung\/?Pricing=Free\" target=\"_self\" rel=\"noopener\">\n\t\t\t\t\t\t\tGRATIS STARTEN\n\t\t\t\t\t<\/a>\n\t<p>&nbsp;<\/p>\n\t<p>&nbsp;<\/p>\n\t<p>Features<\/p>\n\t\t\t\t<img decoding=\"async\" src=\"https:\/\/www.elevatorarchitect.com\/wp-content\/uploads\/2023\/04\/download.svg\" alt=\"download\" itemprop=\"image\" height=\"0\" width=\"0\" title=\"download\" onerror=\"this.style.display='none'\"  \/>\n\t3-D Aufzug LOD 100<br \/>\n3-D Aufzug LOD 200<br \/>\n2-D Aufzug Grundrisse\n\t\t\t\t<img decoding=\"async\" src=\"https:\/\/www.elevatorarchitect.com\/wp-content\/uploads\/2023\/04\/support_02.svg\" alt=\"support_02\" itemprop=\"image\" title=\"support_02\" onerror=\"this.style.display='none'\"  \/>\n\t<p>Videos und Erl\u00e4uterungen<\/p>\n<h4>\n\t\tIndividual\n\t<\/h4>\n\t<p>F\u00fcr Architekten, die hin und wieder Aufzug BIM-Modelle erstellen m\u00fcssen.<\/p>\n<h4>\n\t\t233,00 \u20ac\n\t<\/h4>\n\tNetto pro Jahr<br \/>\nEinzelbenutzer\n<h4>\n\t\t29,00 \u20ac\n\t<\/h4>\n\tNetto pro Monat<br \/>\nEinzelbenutzer\n\t<p>Speicherplatz f\u00fcr<\/p>\n\t<p><strong>50<\/strong><\/p>\n\t<p>Aufzug-Projekte<\/p>\n\t\t\t<a href=\"https:\/\/www.elevatorarchitect.com\/de\/anmeldung\/?Pricing=IndiTrial&#038;SignupAction=14DaysTrial\" target=\"_self\" rel=\"noopener\">\n\t\t\t\t\t\t\t14 Tage testen\n\t\t\t\t\t<\/a>\n\t<p>oder <a href=\"https:\/\/www.elevatorarchitect.com\/de\/anmeldung\/?Pricing=IndiBuy&#038;SignupAction=BuyNow\">sofort kaufen<\/a><\/p>\n\t<p>&nbsp; &nbsp; &nbsp; <\/p>\n\t<p>Monatlich k\u00fcndbar<\/p>\n\t<p>Alles aus &#8220;Free&#8221;  zzgl.<\/p>\n\t\t\t\t<img decoding=\"async\" src=\"https:\/\/www.elevatorarchitect.com\/wp-content\/uploads\/2023\/04\/download.svg\" alt=\"download\" itemprop=\"image\" height=\"0\" width=\"0\" title=\"download\" onerror=\"this.style.display='none'\"  \/>\n\t3-D Aufzug LOD 300<br \/>\n2-D Aufzug H\u00f6henschnitte<br \/>\n2-D Aufzug Details\n\t\t\t\t<img decoding=\"async\" src=\"https:\/\/www.elevatorarchitect.com\/wp-content\/uploads\/2023\/04\/support_02.svg\" alt=\"support_02\" itemprop=\"image\" title=\"support_02\" onerror=\"this.style.display='none'\"  \/>\n\t<p>Community Support<\/p>\n\tAM BELIEBTESTEN\n<h4>\n\t\tTeam\n\t<\/h4>\n\t<p>F\u00fcr Architektenteams, die einen BIM-Workflow f\u00fcr die Aufzugsplanung einf\u00fchren wollen.<\/p>\n<h4>\n\t\t554,76 \u20ac\n\t<\/h4>\n\tNetto pro Jahr<br \/>\nUnbegrenzte Nutzeranzahl\n<h4>\n\t\t59,00 \u20ac\n\t<\/h4>\n\tNetto pro Monat<br \/>\nUnbegrenzte Nutzeranzahl\n\t<p>Speicherplatz f\u00fcr<\/p>\n\t<p><strong>150<\/strong><\/p>\n\t<p>Aufzug-Projekte<\/p>\n\t\t\t<a href=\"https:\/\/www.elevatorarchitect.com\/de\/anmeldung\/?Pricing=TeamTrial&#038;SignupAction=14DaysTrial\" target=\"_self\" rel=\"noopener\">\n\t\t\t\t\t\t\t14 Tage testen\n\t\t\t\t\t<\/a>\n\t<p>oder <a href=\"https:\/\/www.elevatorarchitect.com\/de\/anmeldung\/?Pricing=TeamBuy&#038;SignupAction=BuyNow\">sofort kaufen<\/a><\/p>\n\t<p>&nbsp; &nbsp; &nbsp; <\/p>\n\t<p>Monatlich k\u00fcndbar<\/p>\n\t<p>Alles aus &#8220;Individual&#8221; zzgl.<\/p>\n\t\t\t\t<img decoding=\"async\" src=\"https:\/\/www.elevatorarchitect.com\/wp-content\/uploads\/2023\/04\/download.svg\" alt=\"download\" itemprop=\"image\" height=\"0\" width=\"0\" title=\"download\" onerror=\"this.style.display='none'\"  \/>\n\t<p>Planung in Teamarbeit *<\/p>\n\t\t\t\t<img decoding=\"async\" src=\"https:\/\/www.elevatorarchitect.com\/wp-content\/uploads\/2023\/04\/folder-symlink.svg\" alt=\"folder-symlink\" itemprop=\"image\" height=\"0\" width=\"0\" title=\"folder-symlink\" onerror=\"this.style.display='none'\"  \/>\n\t<p>Aufzug-Projekt teilen *<\/p>\n\t\t\t\t<img decoding=\"async\" src=\"https:\/\/www.elevatorarchitect.com\/wp-content\/uploads\/2023\/04\/support_02.svg\" alt=\"support_02\" itemprop=\"image\" title=\"support_02\" onerror=\"this.style.display='none'\"  \/>\n\t<p>E-Mail-Unterst\u00fctzung<\/p>\n\t<p>* Feature wird ab Herbst 2023 verf\u00fcgbar sein<\/p>\n<h4>\n\t\tEnterprise\n\t<\/h4>\n\t<p>F\u00fcr Architekturb\u00fcros, die ihren BIM-Prozess f\u00fcr Aufz\u00fcge optimieren und straffen m\u00f6chten.<\/p>\n<h4>\n\t\tBitte anfragen\n\t<\/h4>\n\t<p>Individuelle Pakete m\u00f6glich<\/p>\n\t<p>Speicherplatz f\u00fcr<\/p>\n\t<p><strong>Unbegrenzte<\/strong><\/p>\n\t<p>Aufzug-Projekte<\/p>\n\t\t\t<a href=\"https:\/\/calendly.com\/digipara\/30min?embed_domain=www.digipara.com\" target=\"_blank\" rel=\"noopener\">\n\t\t\t\t\t\t\tR\u00fcckruf anfordern!\n\t\t\t\t\t<\/a>\n\t<p>oder <a href=\"https:\/\/calendly.com\/digipara\/30min?embed_domain=www.digipara.com\" target=\"_blank\" rel=\"noopener\">Vertrieb kontaktieren<\/a><\/p>\n\t<p>&nbsp;<\/p>\n\t<p>Alles aus &#8220;Team&#8221; zzgl.<\/p>\n\t\t\t\t<img decoding=\"async\" src=\"https:\/\/www.elevatorarchitect.com\/wp-content\/uploads\/2023\/04\/support_02.svg\" alt=\"support_02\" itemprop=\"image\" title=\"support_02\" onerror=\"this.style.display='none'\"  \/>\n\t<p>Pers\u00f6nliche Beratung<\/p>\n<h2>\n\t\tH\u00e4ufige Fragen\n\t<\/h2>\n\t\t\t\t\t<a href=\"#\" id=\"fl-accordion--label-0\" tabindex=\"0\" aria-controls=\"fl-accordion--panel-0\">Wie lange kann ich das Produkt testen?<\/a>\n\t\t\t\t\t\t\t\t\t\t\t<a href=\"#\" id=\"fl-accordion--icon-0\" tabindex=\"0\" aria-controls=\"fl-accordion--panel-0\"><i>Expand<\/i><\/a>\n\t\t\t\t\t<p>Wir m\u00f6chten, dass Sie produktiv und voll \u00fcberzeugt mit unseren Produkten arbeiten! Wir r\u00e4umen Ihnen daher 14 Tage ein, um Ihr Leistungspaket nach Registrierung sorgf\u00e4ltig auszuprobieren und zu pr\u00fcfen. Ohne K\u00fcndigung Ihrerseits geht die kostenlose Testphase nach diesen zwei Wochen automatisch in das gew\u00fcnschte Abonnement \u00fcber. Eine K\u00fcndigung nehmen Sie \u00fcber Ihr Kundenkonto innerhalb der App vor. Die entsprechende Option finden Sie unter &#8220;Abo verwalten&#8221;.<\/p>\n\t\t\t\t\t<a href=\"#\" id=\"fl-accordion--label-1\" tabindex=\"0\" aria-controls=\"fl-accordion--panel-1\">Bin ich in der Testphase eingeschr\u00e4nkt?<\/a>\n\t\t\t\t\t\t\t\t\t\t\t<a href=\"#\" id=\"fl-accordion--icon-1\" tabindex=\"0\" aria-controls=\"fl-accordion--panel-1\"><i>Expand<\/i><\/a>\n\t\t\t\t\t<p>Nein, Sie arbeiten sofort mit dem vollen Leistungsumfang im jeweiligen Paket &#8211; denn schlie\u00dflich sollen Sie sich ein Bild von unserer Software machen.<\/p>\n\t\t\t\t\t<a href=\"#\" id=\"fl-accordion--label-2\" tabindex=\"0\" aria-controls=\"fl-accordion--panel-2\">Warum muss ich bereits f\u00fcr die Testphase Kontodaten angeben?<\/a>\n\t\t\t\t\t\t\t\t\t\t\t<a href=\"#\" id=\"fl-accordion--icon-2\" tabindex=\"0\" aria-controls=\"fl-accordion--panel-2\"><i>Expand<\/i><\/a>\n\t\t\t\t\t<p>Sie starten nicht mit einer Testversion, sondern mit unserer regul\u00e4ren Software. Dies setzt eine vollst\u00e4ndige Registrierung voraus &#8211; inklusive Zahlungsinformationen. Belastet wird Ihr Konto erst NACH der Testphase &#8211; und nat\u00fcrlich nur, sofern Sie sich f\u00fcr das ABO entschieden haben.<\/p>\n\t\t\t\t\t<a href=\"#\" id=\"fl-accordion--label-3\" tabindex=\"0\" aria-controls=\"fl-accordion--panel-3\">Was genau z\u00e4hlt als &#8220;Aufzug-Projekt&#8221;?<\/a>\n\t\t\t\t\t\t\t\t\t\t\t<a href=\"#\" id=\"fl-accordion--icon-3\" tabindex=\"0\" aria-controls=\"fl-accordion--panel-3\"><i>Expand<\/i><\/a>\n\t\t\t\t\t<p>Sobald ein Aufzug \u00fcber die Eingabe der grundlegenden Parameter definiert ist, wird er vom Z\u00e4hler als Projekt registriert. Eine Aufzuggruppe aus mehreren Aufz\u00fcgen z\u00e4hlt dabei als ein Aufzug-Projekt.<\/p>\n\t\t\t\t\t<a href=\"#\" id=\"fl-accordion--label-4\" tabindex=\"0\" aria-controls=\"fl-accordion--panel-4\">Was passiert, wenn ich die gebuchte Anzahl an &#8220;Aufzug-Projekten&#8221; \u00fcberschreite?<\/a>\n\t\t\t\t\t\t\t\t\t\t\t<a href=\"#\" id=\"fl-accordion--icon-4\" tabindex=\"0\" aria-controls=\"fl-accordion--panel-4\"><i>Expand<\/i><\/a>\n\t\t\t\t\tKeine Sorge, dies ist nicht m\u00f6glich. Nach dem Erreichen der Speichergrenze l\u00e4sst das System kein weiteres Projekt mehr zu &#8211; Sie erhalten eine Benachrichtigung und haben zwei Optionen: Entweder einige Projekte l\u00f6schen oder \u00fcber ein Upgrade die Projektanzahl erh\u00f6hen.<br \/>\nBitte beachten Sie, dass ein gel\u00f6schtes Aufzugs-Projekt zun\u00e4chst im Papierkorb zwischengespeichert und nach wie vor gez\u00e4hlt wird. Wollen Sie den Speicher sofort freigeben, m\u00fcssen Sie den Papierkorb leeren.\n\t\t\t\t\t<a href=\"#\" id=\"fl-accordion--label-5\" tabindex=\"0\" aria-controls=\"fl-accordion--panel-5\">Ich bin unsicher, welches Paket f\u00fcr meinen Bedarf das richtige ist. K\u00f6nnen Sie helfen? <\/a>\n\t\t\t\t\t\t\t\t\t\t\t<a href=\"#\" id=\"fl-accordion--icon-5\" tabindex=\"0\" aria-controls=\"fl-accordion--panel-5\"><i>Expand<\/i><\/a>\n\t\t\t\t\t<p>Unserer Preisliste entnehmen Sie, wie sich der Leistungsumfang von Paket zu Paket erh\u00f6ht. Sollte das nicht weiterhelfen: Kontaktieren Sie gern unseren <a href=\"https:\/\/calendly.com\/digipara\/30min?embed_domain=www.digipara.com\" target=\"_blank\" rel=\"noopener\">Kundendienst<\/a>!<\/p>\n\t\t\t\t\t<a href=\"#\" id=\"fl-accordion--label-6\" tabindex=\"0\" aria-controls=\"fl-accordion--panel-6\">Welche Laufzeiten werden mir angeboten? <\/a>\n\t\t\t\t\t\t\t\t\t\t\t<a href=\"#\" id=\"fl-accordion--icon-6\" tabindex=\"0\" aria-controls=\"fl-accordion--panel-6\"><i>Expand<\/i><\/a>\n\t\t\t\t\t<p>Sie schlie\u00dfen Ihren Vertag mit uns wahlweise f\u00fcr den Zeitraum von einem Monat oder f\u00fcr ein Jahr. Bei einem Jahresabo profitieren Sie von einem Preisvorteil in H\u00f6he von 20 Prozent. Ihre Beitr\u00e4ge werden entsprechend Laufzeit entweder regelm\u00e4\u00dfig monatlich abgebucht oder einmal pro Jahr im Voraus.<\/p>\n\t\t\t\t\t<a href=\"#\" id=\"fl-accordion--label-7\" tabindex=\"0\" aria-controls=\"fl-accordion--panel-7\">Welche Zahlungsarten stehen zur Auswahl?<\/a>\n\t\t\t\t\t\t\t\t\t\t\t<a href=\"#\" id=\"fl-accordion--icon-7\" tabindex=\"0\" aria-controls=\"fl-accordion--panel-7\"><i>Expand<\/i><\/a>\n\t\t\t\t\t<p>Wir akzeptieren Kreditkartenzahlung (Visa, MasterCard, American Express) sowie PayPal. <\/p>\n\t\t\t\t\t<a href=\"#\" id=\"fl-accordion--label-8\" tabindex=\"0\" aria-controls=\"fl-accordion--panel-8\">Wie kann ich ein Upgrade vornehmen?<\/a>\n\t\t\t\t\t\t\t\t\t\t\t<a href=\"#\" id=\"fl-accordion--icon-8\" tabindex=\"0\" aria-controls=\"fl-accordion--panel-8\"><i>Expand<\/i><\/a>\n\t\t\t\t\t<p>Ein aktives Abonnement upzugraden, ist jederzeit \u00fcber Ihr Kundenkonto und &#8216;Abo verwalten&#8217; m\u00f6glich. Die \u00c4nderung tritt sofort in Kraft. Die Kosten f\u00fcr Ihr neues Abo werden tagesaktuell mit bereits gezahlten Beitr\u00e4gen aus dem aktuellen Abrechnungszeitraum verrechnet, Differenzbetr\u00e4ge direkt abgebucht.<\/p>\n\t\t\t\t\t<a href=\"#\" id=\"fl-accordion--label-9\" tabindex=\"0\" aria-controls=\"fl-accordion--panel-9\">Ich bin gewerblicher Kunde. Wieso erhalte ich Rechnungen mit Mehrwertsteuer?<\/a>\n\t\t\t\t\t\t\t\t\t\t\t<a href=\"#\" id=\"fl-accordion--icon-9\" tabindex=\"0\" aria-controls=\"fl-accordion--panel-9\"><i>Expand<\/i><\/a>\n\t\t\t\t\t<p>In diesem Fall haben Sie bei der Erstabrechnung \u00fcber unseren Reseller Paddle vermutlich keine Umsatzsteuer-ID (VAT-ID) angegeben, um sich als Gesch\u00e4ftskunde zu legitimieren. Sie k\u00f6nnen dies jederzeit nachholen \u00fcber die Online-Quittung von Paddle.<\/p>\n\t\t\t\t\t<a href=\"#\" id=\"fl-accordion--label-10\" tabindex=\"0\" aria-controls=\"fl-accordion--panel-10\">Was muss ich bei einer K\u00fcndigung beachten?<\/a>\n\t\t\t\t\t\t\t\t\t\t\t<a href=\"#\" id=\"fl-accordion--icon-10\" tabindex=\"0\" aria-controls=\"fl-accordion--panel-10\"><i>Expand<\/i><\/a>\n\t\t\t\t\t<p>Ein Monatsabo ist jederzeit k\u00fcndbar &#8211; bis einen Tag vor Ablauf des aktuellen Rechnungszeitraums. Ihr Jahresabo muss ebenfalls einen Tag vor Laufzeitende gek\u00fcndigt werden, sonst wird es automatisch verl\u00e4ngert. Den aktuellen \u00dcberblick zu Ihren Vertragsdaten k\u00f6nnen Sie jederzeit im Kundenkonto einsehen. Eine K\u00fcndigung nehmen Sie \u00fcber Ihr Kundenkonto innerhalb der App vor. Die entsprechende Option finden Sie unter &#8220;Abo verwalten&#8221;.<\/p>\n\t\t\t\t\t<a href=\"#\" id=\"fl-accordion--label-11\" tabindex=\"0\" aria-controls=\"fl-accordion--panel-11\">Kann ich von meinem Vertrag zur\u00fccktreten?<\/a>\n\t\t\t\t\t\t\t\t\t\t\t<a href=\"#\" id=\"fl-accordion--icon-11\" tabindex=\"0\" aria-controls=\"fl-accordion--panel-11\"><i>Expand<\/i><\/a>\n\t\t\t\t\t<p>Innerhalb von 30 Tagen nach Vertragsabschluss r\u00e4umen wir Ihnen die M\u00f6glichkeit ein, von Ihrem Vertrag zur\u00fcckzutreten und bei uns eine R\u00fcckerstattung zu beantragen &#8211; <a href=\"ruecktrittsrecht\/\">siehe hier<\/a>.<\/p>\n\n","protected":false},"excerpt":{"rendered":"<p>Schneller zum pr\u00e4zisen Aufzug BIM-Modell Volle Markt-Breite. Qualit\u00e4t garantiert. Ganz einfach loslegen! J\u00e4hrlich -20% Monatlich Free Beginnen Sie sofort mit Erstellung Ihres ersten Aufzug BIM-Modells. 0 \u20ac Kostenlos Speicherplatz f\u00fcr 5 Aufzug-Projekte GRATIS STARTEN &nbsp; &nbsp; Features 3-D Aufzug LOD 100 3-D Aufzug LOD 200 2-D Aufzug Grundrisse Videos und Erl\u00e4uterungen Individual F\u00fcr Architekten, die&hellip;<\/p>\n","protected":false},"author":2,"featured_media":0,"parent":0,"menu_order":28,"comment_status":"closed","ping_status":"closed","template":"","meta":{"inline_featured_image":false,"footnotes":""},"class_list":["post-172","page","type-page","status-publish","hentry"],"yoast_head":"<!-- This site is optimized with the Yoast SEO Premium plugin v27.3 (Yoast SEO v27.3) - https:\/\/yoast.com\/product\/yoast-seo-premium-wordpress\/ -->\n<title>Preise - DigiPara Elevatorarchitect<\/title>\n<meta name=\"robots\" content=\"index, follow, max-snippet:-1, max-image-preview:large, max-video-preview:-1\" \/>\n<link rel=\"canonical\" href=\"https:\/\/www.elevatorarchitect.com\/de\/preise\/\" \/>\n<meta property=\"og:locale\" content=\"de_DE\" \/>\n<meta property=\"og:type\" content=\"article\" \/>\n<meta property=\"og:title\" content=\"Preise\" \/>\n<meta property=\"og:description\" content=\"Schneller zum pr\u00e4zisen Aufzug BIM-Modell Volle Markt-Breite. Qualit\u00e4t garantiert. Ganz einfach loslegen! J\u00e4hrlich -20% Monatlich Free Beginnen Sie sofort mit Erstellung Ihres ersten Aufzug BIM-Modells. 0 \u20ac Kostenlos Speicherplatz f\u00fcr 5 Aufzug-Projekte GRATIS STARTEN &nbsp; &nbsp; Features 3-D Aufzug LOD 100 3-D Aufzug LOD 200 2-D Aufzug Grundrisse Videos und Erl\u00e4uterungen Individual F\u00fcr Architekten, die&hellip;\" \/>\n<meta property=\"og:url\" content=\"https:\/\/www.elevatorarchitect.com\/de\/preise\/\" \/>\n<meta property=\"og:site_name\" content=\"DigiPara Elevatorarchitect\" \/>\n<meta property=\"article:modified_time\" content=\"2023-06-21T06:44:22+00:00\" \/>\n<meta property=\"og:image\" content=\"https:\/\/www.elevatorarchitect.com\/wp-content\/uploads\/2023\/05\/Stoerer_money_back_de-150x150.png\" \/>\n<meta name=\"twitter:card\" content=\"summary_large_image\" \/>\n<meta name=\"twitter:label1\" content=\"Gesch\u00e4tzte Lesezeit\" \/>\n\t<meta name=\"twitter:data1\" content=\"4\u00a0Minuten\" \/>\n<script type=\"application\/ld+json\" class=\"yoast-schema-graph\">{\"@context\":\"https:\\\/\\\/schema.org\",\"@graph\":[{\"@type\":\"WebPage\",\"@id\":\"https:\\\/\\\/www.elevatorarchitect.com\\\/de\\\/preise\\\/\",\"url\":\"https:\\\/\\\/www.elevatorarchitect.com\\\/de\\\/preise\\\/\",\"name\":\"Preise - DigiPara Elevatorarchitect\",\"isPartOf\":{\"@id\":\"https:\\\/\\\/www.elevatorarchitect.com\\\/#website\"},\"primaryImageOfPage\":{\"@id\":\"https:\\\/\\\/www.elevatorarchitect.com\\\/de\\\/preise\\\/#primaryimage\"},\"image\":{\"@id\":\"https:\\\/\\\/www.elevatorarchitect.com\\\/de\\\/preise\\\/#primaryimage\"},\"thumbnailUrl\":\"https:\\\/\\\/www.elevatorarchitect.com\\\/wp-content\\\/uploads\\\/2023\\\/05\\\/Stoerer_money_back_de-150x150.png\",\"datePublished\":\"2023-02-07T03:25:27+00:00\",\"dateModified\":\"2023-06-21T06:44:22+00:00\",\"breadcrumb\":{\"@id\":\"https:\\\/\\\/www.elevatorarchitect.com\\\/de\\\/preise\\\/#breadcrumb\"},\"inLanguage\":\"de\",\"potentialAction\":[{\"@type\":\"ReadAction\",\"target\":[\"https:\\\/\\\/www.elevatorarchitect.com\\\/de\\\/preise\\\/\"]}]},{\"@type\":\"ImageObject\",\"inLanguage\":\"de\",\"@id\":\"https:\\\/\\\/www.elevatorarchitect.com\\\/de\\\/preise\\\/#primaryimage\",\"url\":\"https:\\\/\\\/www.elevatorarchitect.com\\\/wp-content\\\/uploads\\\/2023\\\/05\\\/Stoerer_money_back_de-150x150.png\",\"contentUrl\":\"https:\\\/\\\/www.elevatorarchitect.com\\\/wp-content\\\/uploads\\\/2023\\\/05\\\/Stoerer_money_back_de-150x150.png\"},{\"@type\":\"BreadcrumbList\",\"@id\":\"https:\\\/\\\/www.elevatorarchitect.com\\\/de\\\/preise\\\/#breadcrumb\",\"itemListElement\":[{\"@type\":\"ListItem\",\"position\":1,\"name\":\"Home\",\"item\":\"https:\\\/\\\/www.elevatorarchitect.com\\\/de\\\/\"},{\"@type\":\"ListItem\",\"position\":2,\"name\":\"Preise\"}]},{\"@type\":\"WebSite\",\"@id\":\"https:\\\/\\\/www.elevatorarchitect.com\\\/#website\",\"url\":\"https:\\\/\\\/www.elevatorarchitect.com\\\/\",\"name\":\"DigiPara Elevatorarchitect\",\"description\":\"Elevator BIM models for Architects\",\"potentialAction\":[{\"@type\":\"SearchAction\",\"target\":{\"@type\":\"EntryPoint\",\"urlTemplate\":\"https:\\\/\\\/www.elevatorarchitect.com\\\/?s={search_term_string}\"},\"query-input\":{\"@type\":\"PropertyValueSpecification\",\"valueRequired\":true,\"valueName\":\"search_term_string\"}}],\"inLanguage\":\"de\"}]}<\/script>\n<!-- \/ Yoast SEO Premium plugin. -->","yoast_head_json":{"title":"Preise - DigiPara Elevatorarchitect","robots":{"index":"index","follow":"follow","max-snippet":"max-snippet:-1","max-image-preview":"max-image-preview:large","max-video-preview":"max-video-preview:-1"},"canonical":"https:\/\/www.elevatorarchitect.com\/de\/preise\/","og_locale":"de_DE","og_type":"article","og_title":"Preise","og_description":"Schneller zum pr\u00e4zisen Aufzug BIM-Modell Volle Markt-Breite. Qualit\u00e4t garantiert. Ganz einfach loslegen! J\u00e4hrlich -20% Monatlich Free Beginnen Sie sofort mit Erstellung Ihres ersten Aufzug BIM-Modells. 0 \u20ac Kostenlos Speicherplatz f\u00fcr 5 Aufzug-Projekte GRATIS STARTEN &nbsp; &nbsp; Features 3-D Aufzug LOD 100 3-D Aufzug LOD 200 2-D Aufzug Grundrisse Videos und Erl\u00e4uterungen Individual F\u00fcr Architekten, die&hellip;","og_url":"https:\/\/www.elevatorarchitect.com\/de\/preise\/","og_site_name":"DigiPara Elevatorarchitect","article_modified_time":"2023-06-21T06:44:22+00:00","og_image":[{"url":"https:\/\/www.elevatorarchitect.com\/wp-content\/uploads\/2023\/05\/Stoerer_money_back_de-150x150.png","type":"","width":"","height":""}],"twitter_card":"summary_large_image","twitter_misc":{"Gesch\u00e4tzte Lesezeit":"4\u00a0Minuten"},"schema":{"@context":"https:\/\/schema.org","@graph":[{"@type":"WebPage","@id":"https:\/\/www.elevatorarchitect.com\/de\/preise\/","url":"https:\/\/www.elevatorarchitect.com\/de\/preise\/","name":"Preise - DigiPara Elevatorarchitect","isPartOf":{"@id":"https:\/\/www.elevatorarchitect.com\/#website"},"primaryImageOfPage":{"@id":"https:\/\/www.elevatorarchitect.com\/de\/preise\/#primaryimage"},"image":{"@id":"https:\/\/www.elevatorarchitect.com\/de\/preise\/#primaryimage"},"thumbnailUrl":"https:\/\/www.elevatorarchitect.com\/wp-content\/uploads\/2023\/05\/Stoerer_money_back_de-150x150.png","datePublished":"2023-02-07T03:25:27+00:00","dateModified":"2023-06-21T06:44:22+00:00","breadcrumb":{"@id":"https:\/\/www.elevatorarchitect.com\/de\/preise\/#breadcrumb"},"inLanguage":"de","potentialAction":[{"@type":"ReadAction","target":["https:\/\/www.elevatorarchitect.com\/de\/preise\/"]}]},{"@type":"ImageObject","inLanguage":"de","@id":"https:\/\/www.elevatorarchitect.com\/de\/preise\/#primaryimage","url":"https:\/\/www.elevatorarchitect.com\/wp-content\/uploads\/2023\/05\/Stoerer_money_back_de-150x150.png","contentUrl":"https:\/\/www.elevatorarchitect.com\/wp-content\/uploads\/2023\/05\/Stoerer_money_back_de-150x150.png"},{"@type":"BreadcrumbList","@id":"https:\/\/www.elevatorarchitect.com\/de\/preise\/#breadcrumb","itemListElement":[{"@type":"ListItem","position":1,"name":"Home","item":"https:\/\/www.elevatorarchitect.com\/de\/"},{"@type":"ListItem","position":2,"name":"Preise"}]},{"@type":"WebSite","@id":"https:\/\/www.elevatorarchitect.com\/#website","url":"https:\/\/www.elevatorarchitect.com\/","name":"DigiPara Elevatorarchitect","description":"Elevator BIM models for Architects","potentialAction":[{"@type":"SearchAction","target":{"@type":"EntryPoint","urlTemplate":"https:\/\/www.elevatorarchitect.com\/?s={search_term_string}"},"query-input":{"@type":"PropertyValueSpecification","valueRequired":true,"valueName":"search_term_string"}}],"inLanguage":"de"}]}},"_links":{"self":[{"href":"https:\/\/www.elevatorarchitect.com\/de\/wp-json\/wp\/v2\/pages\/172","targetHints":{"allow":["GET"]}}],"collection":[{"href":"https:\/\/www.elevatorarchitect.com\/de\/wp-json\/wp\/v2\/pages"}],"about":[{"href":"https:\/\/www.elevatorarchitect.com\/de\/wp-json\/wp\/v2\/types\/page"}],"author":[{"embeddable":true,"href":"https:\/\/www.elevatorarchitect.com\/de\/wp-json\/wp\/v2\/users\/2"}],"replies":[{"embeddable":true,"href":"https:\/\/www.elevatorarchitect.com\/de\/wp-json\/wp\/v2\/comments?post=172"}],"version-history":[{"count":3,"href":"https:\/\/www.elevatorarchitect.com\/de\/wp-json\/wp\/v2\/pages\/172\/revisions"}],"predecessor-version":[{"id":1890,"href":"https:\/\/www.elevatorarchitect.com\/de\/wp-json\/wp\/v2\/pages\/172\/revisions\/1890"}],"wp:attachment":[{"href":"https:\/\/www.elevatorarchitect.com\/de\/wp-json\/wp\/v2\/media?parent=172"}],"curies":[{"name":"wp","href":"https:\/\/api.w.org\/{rel}","templated":true}]}}