{"id":176,"date":"2023-02-07T05:25:58","date_gmt":"2023-02-07T03:25:58","guid":{"rendered":"http:\/\/www.elevatorarchitect.net\/?page_id=176"},"modified":"2024-02-15T13:11:20","modified_gmt":"2024-02-15T11:11:20","slug":"ueber-uns","status":"publish","type":"page","link":"https:\/\/www.elevatorarchitect.com\/de\/unternehmen\/ueber-uns\/","title":{"rendered":"\u00dcber uns"},"content":{"rendered":"\n<h3>\n\t\tWir wissen, was wir tun. \n\t<\/h3>\n<h1>\n\t\tNutzen Sie unsere 30 Jahre<br \/>Branchen-Erfahrung f\u00fcr Ihren Erfolg\n\t<\/h1>\n\t\t\t\t<a href=\"https:\/\/www.elevatorarchitect.com\/wp-content\/uploads\/2023\/05\/Ueber_uns_Visual_01.jpg\" target=\"_self\" itemprop=\"url\" rel=\"noopener\">\n\t\t\t\t<img decoding=\"async\" src=\"https:\/\/www.elevatorarchitect.com\/wp-content\/uploads\/2023\/05\/Ueber_uns_Visual_01.jpg\" alt=\"Ueber_uns_Visual_01\" itemprop=\"image\" height=\"440\" width=\"700\" title=\"Ueber_uns_Visual_01\" onerror=\"this.style.display='none'\"  \/>\n\t\t\t\t<\/a>\n<h2>\n\t\tWer ist DigiPara?<br \/>Ganz einfach: Wir sind der Profi\n\t<\/h2>\n\t<p>Schon seit 1989 vereinfachen und beschleunigen wir die computergest\u00fctzte Aufzugs- und Fahrtreppenkonfiguration. Unsere Softwarel\u00f6sung DigiPara Liftdesigner: L\u00e4ngst zum Branchenstandard avanciert. Weltweit arbeiten fast alle gro\u00dfen Aufzugshersteller eng mit uns zusammen &#8211; und j\u00e4hrlich werden \u00fcber 1 Mio. Zeichnungen und 3D-BIM-Modelle mit unseren Tools erstellt.<\/p>\n<h2>\n\t\tSind wir nun &#8216;BIM Pionier&#8217; oder &#8216;BIM Vision\u00e4r&#8217;? Ganz klar: Beides!\n\t<\/h2>\n\t<p>Sehr fr\u00fch haben wir das Thema \u201aBuilding Information Modelling&#8217; (BIM) aufgegriffen und weiterentwickelt. Warum? Weil uns der konkrete Mehrwert f\u00fcr unsere Kunden sofort klar war: Die schnellere, bessere und sichere Zusammenarbeit zwischen Architekten, Bauherren und Aufzugsunternehmen f\u00fchrt schneller, besser und sicherer zum gemeinsamen Erfolg! <\/p>\n\t\t\t\t<a href=\"https:\/\/www.elevatorarchitect.com\/wp-content\/uploads\/2023\/05\/Ueber_uns_Visual_02.jpg\" target=\"_self\" itemprop=\"url\" rel=\"noopener\">\n\t\t\t\t<img decoding=\"async\" src=\"https:\/\/www.elevatorarchitect.com\/wp-content\/uploads\/2023\/05\/Ueber_uns_Visual_02.jpg\" alt=\"Ueber_uns_Visual_02\" itemprop=\"image\" height=\"440\" width=\"700\" title=\"Ueber_uns_Visual_02\" onerror=\"this.style.display='none'\"  \/>\n\t\t\t\t<\/a>\n\t\t\t\t<a href=\"https:\/\/www.elevatorarchitect.com\/wp-content\/uploads\/2023\/05\/Ueber_uns_Visual_03.jpg\" target=\"_self\" itemprop=\"url\" rel=\"noopener\">\n\t\t\t\t<img decoding=\"async\" src=\"https:\/\/www.elevatorarchitect.com\/wp-content\/uploads\/2023\/05\/Ueber_uns_Visual_03.jpg\" alt=\"Ueber_uns_Visual_03\" itemprop=\"image\" height=\"440\" width=\"700\" title=\"Ueber_uns_Visual_03\" onerror=\"this.style.display='none'\"  \/>\n\t\t\t\t<\/a>\n<h2>\n\t\tUnser &#8216;DigiPara Elevatorarchitect&#8217;:<br \/>Ma\u00dfgeschneidert f\u00fcr Architekten\n\t<\/h2>\n\t<ul>\n<li>S\u00e4mtliche Aufzugs-Optionen und Parameter auf einen Blick\/ auf einem Screen<\/li>\n<li>Alle wichtigen Aufzugs-Marken (TK Elevator, Schindler &amp; Others)<\/li>\n<li>Alle wichtigen Aufzugs-Typen (Seilaufzug, Hydraulikaufzug, mit oder ohne Maschinenraum etc.)<\/li>\n<\/ul>\n<h2>\n\t\tExperten-Prognose:<br \/>Zeichen stehen auf BIM\n\t<\/h2>\n\t<p>In Zukunft &#8230; werden Geb\u00e4ude k\u00fcnftig von allen Beteiligten (Architekten, Ingenieure, Bauherren, Z\u00fcS-Stellen usw.) online gepr\u00fcft und bearbeitet. Aufzugsunternehmen werden optimierte Aufzugsl\u00f6sungen in das architektonische Projekt integrieren und \u00fcber alle Planungsphasen begleiten. Dieser BIM-Prozess wird schlie\u00dflich auch in den Planungsprozess von Wohngeb\u00e4uden Einzug halten und mittelfristig deutlich st\u00e4rker als heute auch kleine und mittlere Architekturb\u00fcros erreichen.<\/p>\n\t\t\t\t<a href=\"https:\/\/www.elevatorarchitect.com\/wp-content\/uploads\/2023\/05\/Ueber_uns_Visual_04.jpg\" target=\"_self\" itemprop=\"url\" rel=\"noopener\">\n\t\t\t\t<img decoding=\"async\" src=\"https:\/\/www.elevatorarchitect.com\/wp-content\/uploads\/2023\/05\/Ueber_uns_Visual_04.jpg\" alt=\"Ueber_uns_Visual_04\" itemprop=\"image\" height=\"440\" width=\"700\" title=\"Ueber_uns_Visual_04\" onerror=\"this.style.display='none'\"  \/>\n\t\t\t\t<\/a>\n\t\t\t\t<a href=\"https:\/\/www.elevatorarchitect.com\/wp-content\/uploads\/2023\/05\/Ueber_uns_Visual_05.jpg\" target=\"_self\" itemprop=\"url\" rel=\"noopener\">\n\t\t\t\t<img decoding=\"async\" src=\"https:\/\/www.elevatorarchitect.com\/wp-content\/uploads\/2023\/05\/Ueber_uns_Visual_05.jpg\" alt=\"Ueber_uns_Visual_05\" itemprop=\"image\" height=\"440\" width=\"700\" title=\"Ueber_uns_Visual_05\" onerror=\"this.style.display='none'\"  \/>\n\t\t\t\t<\/a>\n<h2>\n\t\tDigiPara als Partner:<br \/>Auf uns k\u00f6nnen Sie z\u00e4hlen\n\t<\/h2>\n\tUnsere Vision: BIM up your elevator!<br \/>\nUnser Team: Mit Herzblut bei der Sache.<br \/>\nUnser Versprechen: Wir haben die L\u00f6sungen f\u00fcr Ihre Anforderung &#8211;<br \/>\noder wir entwickeln sie &#8230;\n\t\t\t\t<img decoding=\"async\" src=\"https:\/\/www.elevatorarchitect.com\/wp-content\/uploads\/2023\/03\/Schindlerlogo.svg-300x262.png\" alt=\"Schindlerlogo.svg\" itemprop=\"image\" height=\"262\" width=\"300\" title=\"Schindlerlogo.svg\" onerror=\"this.style.display='none'\"  \/>\n\t<p>\u201eDigiPara ist f\u00fcr mich ein leuchtendes Beispiel f\u00fcr Kundenorientierung und ausgezeichneten Support. Die Zusammenarbeit schafft uns einen riesigen Mehrwert.&#8221; <\/p>\n\t<p>Peter Fasnacht, Coordinator Application Engineering, Schindler<\/p>\n<h5>\n\t\tMitglied von:\n\t<\/h5>\n\t\t\t\t<a href=\"https:\/\/www.ela-aisbl.eu\/index.php\/who-we-are\" target=\"_blank\" rel=\"noopener\" itemprop=\"url\">\n\t\t\t\t<img decoding=\"async\" src=\"https:\/\/www.elevatorarchitect.com\/wp-content\/uploads\/2023\/05\/ELA-300x89.png\" alt=\"ELA\" itemprop=\"image\" height=\"89\" width=\"300\" title=\"ELA\" onerror=\"this.style.display='none'\"  \/>\n\t\t\t\t<\/a>\n\t\t\t\t<a href=\"https:\/\/www.vdma.org\" target=\"_blank\" rel=\"noopener\" itemprop=\"url\">\n\t\t\t\t<img decoding=\"async\" src=\"https:\/\/www.elevatorarchitect.com\/wp-content\/uploads\/2023\/05\/VDMA.png\" alt=\"VDMA\" itemprop=\"image\" height=\"115\" width=\"178\" title=\"VDMA\" onerror=\"this.style.display='none'\"  \/>\n\t\t\t\t<\/a>\n\t\t\t\t<a href=\"https:\/\/www.vfa-interlift.de\/vfa\/presse\/pressepaket.html\" target=\"_blank\" rel=\"noopener\" itemprop=\"url\">\n\t\t\t\t<img decoding=\"async\" src=\"https:\/\/www.elevatorarchitect.com\/wp-content\/uploads\/2023\/05\/VFA.png\" alt=\"VFA\" itemprop=\"image\" height=\"296\" width=\"190\" title=\"VFA\" onerror=\"this.style.display='none'\"  \/>\n\t\t\t\t<\/a>\n\t\t\t\t<a href=\"https:\/\/www.vdi.de\/richtlinien\/details\/vdibs-2552-blatt-111-building-information-modeling-informationsaustauschanforderungen-zu-bim-anwendungsfaellen\" target=\"_blank\" rel=\"noopener\" itemprop=\"url\">\n\t\t\t\t<img decoding=\"async\" src=\"https:\/\/www.elevatorarchitect.com\/wp-content\/uploads\/2023\/05\/VDI.png\" alt=\"VDI\" itemprop=\"image\" height=\"125\" width=\"183\" title=\"VDI\" onerror=\"this.style.display='none'\"  \/>\n\t\t\t\t<\/a>\n\t\t\t\t<a href=\"https:\/\/www.iso.org\" target=\"_blank\" rel=\"noopener\" itemprop=\"url\">\n\t\t\t\t<img decoding=\"async\" src=\"https:\/\/www.elevatorarchitect.com\/wp-content\/uploads\/2023\/05\/ISO.png\" alt=\"ISO\" itemprop=\"image\" height=\"147\" width=\"160\" title=\"ISO\" onerror=\"this.style.display='none'\"  \/>\n\t\t\t\t<\/a>\n\t\t\t\t<a href=\"https:\/\/www.google.com\/maps\/place\/DigiPara\/@50.9357592,6.7754834,15z\/data=!4m6!3m5!1s0x47bf3979581abab7:0xc1b5766b3b61808a!8m2!3d50.9358101!4d6.779203!16s%2Fg%2F1td7gwh8?hl=de\" target=\"_blank\" rel=\"noopener\" itemprop=\"url\">\n\t\t\t\t<img decoding=\"async\" src=\"https:\/\/www.elevatorarchitect.com\/wp-content\/uploads\/2023\/05\/digipara-map.png\" alt=\"digipara-map\" itemprop=\"image\" height=\"798\" width=\"1203\" title=\"digipara-map\" onerror=\"this.style.display='none'\"  \/>\n\t\t\t\t<\/a>\n<h2>\n\t\tKontaktieren Sie uns\n\t<\/h2>\n\t<p>Wir w\u00fcrden uns freuen von Ihnen zu h\u00f6ren.<\/p>\n\t<p><img decoding=\"async\" src=\"https:\/\/www.elevatorarchitect.com\/wp-content\/uploads\/2023\/05\/phone.svg\" alt=\"\" width=\"30\" \/><a href=\"tel: +49 2234 999 44 80\">+49 2234 999 44 80<\/a><\/p>\n\t<p><img decoding=\"async\" src=\"https:\/\/www.elevatorarchitect.com\/wp-content\/uploads\/2023\/05\/envelope.svg\" alt=\"\" width=\"30\" \/><a href=\"mailto:Info@digipara.com\">Info@digipara.com<\/a><\/p>\n\t<img decoding=\"async\" src=\"https:\/\/www.elevatorarchitect.com\/wp-content\/uploads\/2023\/05\/Geo.svg\" alt=\"\" width=\"30\" \/>Augustinusstra\u00dfe 11d<br \/>\nD &#8211; 50226 Frechen\n\t\t\t\t<img decoding=\"async\" src=\"https:\/\/www.elevatorarchitect.com\/wp-content\/uploads\/2023\/05\/230509_Cover_Ckeckliste_Lead_magnet_01-211x300.png\" alt=\"230509_Cover_Ckeckliste_Lead_magnet_01\" itemprop=\"image\" height=\"300\" width=\"211\" title=\"230509_Cover_Ckeckliste_Lead_magnet_01\" onerror=\"this.style.display='none'\"  \/>\n\t<h4>Checkliste: Die 5 wichtigsten Qualit\u00e4tsmerkmale, an denen Sie hochwertige BIM-Modelle erkennen<\/h4>\n\t<div class=\"wpforms-container wpforms-container-full\" id=\"wpforms-767\"><form id=\"wpforms-form-767\" class=\"wpforms-validate wpforms-form wpforms-ajax-form\" data-formid=\"767\" method=\"post\" enctype=\"multipart\/form-data\" action=\"\/de\/wp-json\/wp\/v2\/pages\/176\" data-token=\"a726f6dfd904213b0dc3bb389469ff26\" data-token-time=\"1777890649\"><noscript class=\"wpforms-error-noscript\">Bitte aktiviere JavaScript in deinem Browser, um dieses Formular fertigzustellen.<\/noscript><div class=\"wpforms-field-container\"><div id=\"wpforms-767-field_7-container\" class=\"wpforms-field wpforms-field-layout\" data-field-id=\"7\"><div class=\"wpforms-field-layout-columns wpforms-field-layout-preset-50-50\"><div class=\"wpforms-layout-column wpforms-layout-column-50\" ><div id=\"wpforms-767-field_3-container\" class=\"wpforms-field wpforms-field-text\" data-field-id=\"3\"><label class=\"wpforms-field-label wpforms-label-hide\" for=\"wpforms-767-field_3\">Name <span class=\"wpforms-required-label\">*<\/span><\/label><input type=\"text\" id=\"wpforms-767-field_3\" class=\"wpforms-field-medium wpforms-field-required\" name=\"wpforms[fields][3]\" placeholder=\"Name\" required><\/div><\/div><div class=\"wpforms-layout-column wpforms-layout-column-50\" ><div id=\"wpforms-767-field_2-container\" class=\"wpforms-field wpforms-field-email\" data-field-id=\"2\"><label class=\"wpforms-field-label wpforms-label-hide\" for=\"wpforms-767-field_2\">Email <span class=\"wpforms-required-label\">*<\/span><\/label><input type=\"email\" id=\"wpforms-767-field_2\" class=\"wpforms-field-medium wpforms-field-required\" name=\"wpforms[fields][2]\" placeholder=\"E-Mail-Adresse\" spellcheck=\"false\" required><\/div><\/div><\/div><\/div><\/div><!-- .wpforms-field-container --><div class=\"wpforms-submit-container\" ><input type=\"hidden\" name=\"wpforms[id]\" value=\"767\"><input type=\"hidden\" name=\"page_title\" value=\"\"><input type=\"hidden\" name=\"page_url\" value=\"https:\/\/www.elevatorarchitect.com\/de\/wp-json\/wp\/v2\/pages\/176\"><input type=\"hidden\" name=\"url_referer\" value=\"\"><button type=\"submit\" name=\"wpforms[submit]\" id=\"wpforms-submit-767\" class=\"wpforms-submit wpforms-button-light\" data-alt-text=\"Sending...\" data-submit-text=\"Download\" aria-live=\"assertive\" value=\"wpforms-submit\">Download<\/button><img decoding=\"async\" src=\"https:\/\/www.elevatorarchitect.com\/wp-content\/plugins\/wpforms\/assets\/images\/submit-spin.svg\" class=\"wpforms-submit-spinner\" style=\"display: none;\" width=\"26\" height=\"26\" alt=\"Wird geladen\"><\/div><\/form><\/div>  <!-- .wpforms-container -->\n\n","protected":false},"excerpt":{"rendered":"<p>Wir wissen, was wir tun. Nutzen Sie unsere 30 JahreBranchen-Erfahrung f\u00fcr Ihren Erfolg Wer ist DigiPara?Ganz einfach: Wir sind der Profi Schon seit 1989 vereinfachen und beschleunigen wir die computergest\u00fctzte Aufzugs- und Fahrtreppenkonfiguration. Unsere Softwarel\u00f6sung DigiPara Liftdesigner: L\u00e4ngst zum Branchenstandard avanciert. Weltweit arbeiten fast alle gro\u00dfen Aufzugshersteller eng mit uns zusammen &#8211; und j\u00e4hrlich werden&hellip;<\/p>\n","protected":false},"author":2,"featured_media":0,"parent":174,"menu_order":1,"comment_status":"closed","ping_status":"closed","template":"","meta":{"inline_featured_image":false,"footnotes":""},"class_list":["post-176","page","type-page","status-publish","hentry"],"yoast_head":"<!-- This site is optimized with the Yoast SEO Premium plugin v27.4 (Yoast SEO v27.4) - https:\/\/yoast.com\/product\/yoast-seo-premium-wordpress\/ -->\n<title>\u00dcber uns - DigiPara Elevatorarchitect<\/title>\n<meta name=\"robots\" content=\"index, follow, max-snippet:-1, max-image-preview:large, max-video-preview:-1\" \/>\n<link rel=\"canonical\" href=\"https:\/\/www.elevatorarchitect.com\/de\/unternehmen\/ueber-uns\/\" \/>\n<meta property=\"og:locale\" content=\"de_DE\" \/>\n<meta property=\"og:type\" content=\"article\" \/>\n<meta property=\"og:title\" content=\"\u00dcber uns\" \/>\n<meta property=\"og:description\" content=\"Wir wissen, was wir tun. Nutzen Sie unsere 30 JahreBranchen-Erfahrung f\u00fcr Ihren Erfolg Wer ist DigiPara?Ganz einfach: Wir sind der Profi Schon seit 1989 vereinfachen und beschleunigen wir die computergest\u00fctzte Aufzugs- und Fahrtreppenkonfiguration. Unsere Softwarel\u00f6sung DigiPara Liftdesigner: L\u00e4ngst zum Branchenstandard avanciert. Weltweit arbeiten fast alle gro\u00dfen Aufzugshersteller eng mit uns zusammen &#8211; und j\u00e4hrlich werden&hellip;\" \/>\n<meta property=\"og:url\" content=\"https:\/\/www.elevatorarchitect.com\/de\/unternehmen\/ueber-uns\/\" \/>\n<meta property=\"og:site_name\" content=\"DigiPara Elevatorarchitect\" \/>\n<meta property=\"article:modified_time\" content=\"2024-02-15T11:11:20+00:00\" \/>\n<meta property=\"og:image\" content=\"https:\/\/www.elevatorarchitect.com\/wp-content\/uploads\/2023\/05\/Ueber_uns_Visual_01.jpg\" \/>\n<meta name=\"twitter:card\" content=\"summary_large_image\" \/>\n<meta name=\"twitter:label1\" content=\"Gesch\u00e4tzte Lesezeit\" \/>\n\t<meta name=\"twitter:data1\" content=\"2\u00a0Minuten\" \/>\n<script type=\"application\/ld+json\" class=\"yoast-schema-graph\">{\"@context\":\"https:\\\/\\\/schema.org\",\"@graph\":[{\"@type\":\"WebPage\",\"@id\":\"https:\\\/\\\/www.elevatorarchitect.com\\\/de\\\/unternehmen\\\/ueber-uns\\\/\",\"url\":\"https:\\\/\\\/www.elevatorarchitect.com\\\/de\\\/unternehmen\\\/ueber-uns\\\/\",\"name\":\"\u00dcber uns - DigiPara Elevatorarchitect\",\"isPartOf\":{\"@id\":\"https:\\\/\\\/www.elevatorarchitect.com\\\/#website\"},\"primaryImageOfPage\":{\"@id\":\"https:\\\/\\\/www.elevatorarchitect.com\\\/de\\\/unternehmen\\\/ueber-uns\\\/#primaryimage\"},\"image\":{\"@id\":\"https:\\\/\\\/www.elevatorarchitect.com\\\/de\\\/unternehmen\\\/ueber-uns\\\/#primaryimage\"},\"thumbnailUrl\":\"https:\\\/\\\/www.elevatorarchitect.com\\\/wp-content\\\/uploads\\\/2023\\\/05\\\/Ueber_uns_Visual_01.jpg\",\"datePublished\":\"2023-02-07T03:25:58+00:00\",\"dateModified\":\"2024-02-15T11:11:20+00:00\",\"breadcrumb\":{\"@id\":\"https:\\\/\\\/www.elevatorarchitect.com\\\/de\\\/unternehmen\\\/ueber-uns\\\/#breadcrumb\"},\"inLanguage\":\"de\",\"potentialAction\":[{\"@type\":\"ReadAction\",\"target\":[\"https:\\\/\\\/www.elevatorarchitect.com\\\/de\\\/unternehmen\\\/ueber-uns\\\/\"]}]},{\"@type\":\"ImageObject\",\"inLanguage\":\"de\",\"@id\":\"https:\\\/\\\/www.elevatorarchitect.com\\\/de\\\/unternehmen\\\/ueber-uns\\\/#primaryimage\",\"url\":\"https:\\\/\\\/www.elevatorarchitect.com\\\/wp-content\\\/uploads\\\/2023\\\/05\\\/Ueber_uns_Visual_01.jpg\",\"contentUrl\":\"https:\\\/\\\/www.elevatorarchitect.com\\\/wp-content\\\/uploads\\\/2023\\\/05\\\/Ueber_uns_Visual_01.jpg\"},{\"@type\":\"BreadcrumbList\",\"@id\":\"https:\\\/\\\/www.elevatorarchitect.com\\\/de\\\/unternehmen\\\/ueber-uns\\\/#breadcrumb\",\"itemListElement\":[{\"@type\":\"ListItem\",\"position\":1,\"name\":\"Home\",\"item\":\"https:\\\/\\\/www.elevatorarchitect.com\\\/de\\\/\"},{\"@type\":\"ListItem\",\"position\":2,\"name\":\"Unternehmen\",\"item\":\"https:\\\/\\\/www.elevatorarchitect.com\\\/de\\\/unternehmen\\\/\"},{\"@type\":\"ListItem\",\"position\":3,\"name\":\"\u00dcber uns\"}]},{\"@type\":\"WebSite\",\"@id\":\"https:\\\/\\\/www.elevatorarchitect.com\\\/#website\",\"url\":\"https:\\\/\\\/www.elevatorarchitect.com\\\/\",\"name\":\"DigiPara Elevatorarchitect\",\"description\":\"Elevator BIM models for Architects\",\"potentialAction\":[{\"@type\":\"SearchAction\",\"target\":{\"@type\":\"EntryPoint\",\"urlTemplate\":\"https:\\\/\\\/www.elevatorarchitect.com\\\/?s={search_term_string}\"},\"query-input\":{\"@type\":\"PropertyValueSpecification\",\"valueRequired\":true,\"valueName\":\"search_term_string\"}}],\"inLanguage\":\"de\"}]}<\/script>\n<!-- \/ Yoast SEO Premium plugin. -->","yoast_head_json":{"title":"\u00dcber uns - DigiPara Elevatorarchitect","robots":{"index":"index","follow":"follow","max-snippet":"max-snippet:-1","max-image-preview":"max-image-preview:large","max-video-preview":"max-video-preview:-1"},"canonical":"https:\/\/www.elevatorarchitect.com\/de\/unternehmen\/ueber-uns\/","og_locale":"de_DE","og_type":"article","og_title":"\u00dcber uns","og_description":"Wir wissen, was wir tun. Nutzen Sie unsere 30 JahreBranchen-Erfahrung f\u00fcr Ihren Erfolg Wer ist DigiPara?Ganz einfach: Wir sind der Profi Schon seit 1989 vereinfachen und beschleunigen wir die computergest\u00fctzte Aufzugs- und Fahrtreppenkonfiguration. Unsere Softwarel\u00f6sung DigiPara Liftdesigner: L\u00e4ngst zum Branchenstandard avanciert. Weltweit arbeiten fast alle gro\u00dfen Aufzugshersteller eng mit uns zusammen &#8211; und j\u00e4hrlich werden&hellip;","og_url":"https:\/\/www.elevatorarchitect.com\/de\/unternehmen\/ueber-uns\/","og_site_name":"DigiPara Elevatorarchitect","article_modified_time":"2024-02-15T11:11:20+00:00","og_image":[{"url":"https:\/\/www.elevatorarchitect.com\/wp-content\/uploads\/2023\/05\/Ueber_uns_Visual_01.jpg","type":"","width":"","height":""}],"twitter_card":"summary_large_image","twitter_misc":{"Gesch\u00e4tzte Lesezeit":"2\u00a0Minuten"},"schema":{"@context":"https:\/\/schema.org","@graph":[{"@type":"WebPage","@id":"https:\/\/www.elevatorarchitect.com\/de\/unternehmen\/ueber-uns\/","url":"https:\/\/www.elevatorarchitect.com\/de\/unternehmen\/ueber-uns\/","name":"\u00dcber uns - DigiPara Elevatorarchitect","isPartOf":{"@id":"https:\/\/www.elevatorarchitect.com\/#website"},"primaryImageOfPage":{"@id":"https:\/\/www.elevatorarchitect.com\/de\/unternehmen\/ueber-uns\/#primaryimage"},"image":{"@id":"https:\/\/www.elevatorarchitect.com\/de\/unternehmen\/ueber-uns\/#primaryimage"},"thumbnailUrl":"https:\/\/www.elevatorarchitect.com\/wp-content\/uploads\/2023\/05\/Ueber_uns_Visual_01.jpg","datePublished":"2023-02-07T03:25:58+00:00","dateModified":"2024-02-15T11:11:20+00:00","breadcrumb":{"@id":"https:\/\/www.elevatorarchitect.com\/de\/unternehmen\/ueber-uns\/#breadcrumb"},"inLanguage":"de","potentialAction":[{"@type":"ReadAction","target":["https:\/\/www.elevatorarchitect.com\/de\/unternehmen\/ueber-uns\/"]}]},{"@type":"ImageObject","inLanguage":"de","@id":"https:\/\/www.elevatorarchitect.com\/de\/unternehmen\/ueber-uns\/#primaryimage","url":"https:\/\/www.elevatorarchitect.com\/wp-content\/uploads\/2023\/05\/Ueber_uns_Visual_01.jpg","contentUrl":"https:\/\/www.elevatorarchitect.com\/wp-content\/uploads\/2023\/05\/Ueber_uns_Visual_01.jpg"},{"@type":"BreadcrumbList","@id":"https:\/\/www.elevatorarchitect.com\/de\/unternehmen\/ueber-uns\/#breadcrumb","itemListElement":[{"@type":"ListItem","position":1,"name":"Home","item":"https:\/\/www.elevatorarchitect.com\/de\/"},{"@type":"ListItem","position":2,"name":"Unternehmen","item":"https:\/\/www.elevatorarchitect.com\/de\/unternehmen\/"},{"@type":"ListItem","position":3,"name":"\u00dcber uns"}]},{"@type":"WebSite","@id":"https:\/\/www.elevatorarchitect.com\/#website","url":"https:\/\/www.elevatorarchitect.com\/","name":"DigiPara Elevatorarchitect","description":"Elevator BIM models for Architects","potentialAction":[{"@type":"SearchAction","target":{"@type":"EntryPoint","urlTemplate":"https:\/\/www.elevatorarchitect.com\/?s={search_term_string}"},"query-input":{"@type":"PropertyValueSpecification","valueRequired":true,"valueName":"search_term_string"}}],"inLanguage":"de"}]}},"_links":{"self":[{"href":"https:\/\/www.elevatorarchitect.com\/de\/wp-json\/wp\/v2\/pages\/176","targetHints":{"allow":["GET"]}}],"collection":[{"href":"https:\/\/www.elevatorarchitect.com\/de\/wp-json\/wp\/v2\/pages"}],"about":[{"href":"https:\/\/www.elevatorarchitect.com\/de\/wp-json\/wp\/v2\/types\/page"}],"author":[{"embeddable":true,"href":"https:\/\/www.elevatorarchitect.com\/de\/wp-json\/wp\/v2\/users\/2"}],"replies":[{"embeddable":true,"href":"https:\/\/www.elevatorarchitect.com\/de\/wp-json\/wp\/v2\/comments?post=176"}],"version-history":[{"count":3,"href":"https:\/\/www.elevatorarchitect.com\/de\/wp-json\/wp\/v2\/pages\/176\/revisions"}],"predecessor-version":[{"id":2020,"href":"https:\/\/www.elevatorarchitect.com\/de\/wp-json\/wp\/v2\/pages\/176\/revisions\/2020"}],"up":[{"embeddable":true,"href":"https:\/\/www.elevatorarchitect.com\/de\/wp-json\/wp\/v2\/pages\/174"}],"wp:attachment":[{"href":"https:\/\/www.elevatorarchitect.com\/de\/wp-json\/wp\/v2\/media?parent=176"}],"curies":[{"name":"wp","href":"https:\/\/api.w.org\/{rel}","templated":true}]}}