{"id":180,"date":"2023-02-07T05:26:15","date_gmt":"2023-02-07T03:26:15","guid":{"rendered":"http:\/\/www.elevatorarchitect.net\/?page_id=180"},"modified":"2023-06-19T09:43:37","modified_gmt":"2023-06-19T07:43:37","slug":"features","status":"publish","type":"page","link":"https:\/\/www.elevatorarchitect.com\/de\/features\/","title":{"rendered":"Features"},"content":{"rendered":"\n<h3>\n\t\tArbeiten mit Elevatorarchitect:\n\t<\/h3>\n<h1>\n\t\tSchneller, besser, sicherer.\n\t<\/h1>\n\t<p>Optimieren Sie Ihren Planungsworkflow! Ob 2D-H\u00f6henschnitt oder 3D-BIM LOD 300: Mit wenigen Klicks erstellen Sie alle Ansichten und Modelle, die Sie f\u00fcr Ihr Aufzugsprojekt ben\u00f6tigen. Hochpr\u00e4zise. Und \u00fcber gesicherte Prozesse.<\/p>\n\t\t\t<a href=\"https:\/\/www.elevatorarchitect.com\/de\/anmeldung\/\" target=\"_self\" rel=\"noopener\">\n\t\t\t\t\t\t\tHier kostenlos starten\n\t\t\t\t\t<\/a>\n\t<?xml version=\"1.0\" encoding=\"utf-8\"?>\n\t<h4>Aufz\u00fcge auf Knopfdruck<\/h4>\n<p>Vordefinierte Parameter, Komponenten und Regeln erm\u00f6glichen die effiziente Planung und vollautomatische Konfiguration Ihrer Aufz\u00fcge.<\/p>\n\t<?xml version=\"1.0\" encoding=\"utf-8\"?>\n\t<h4>Reibungsloser Arbeitsablauf<\/h4>\n<p>Mehr als 100.000 Kombinationen von Aufzugsgr\u00f6\u00dfen, Nutzlasten, Stockwerken und Geschwindigkeiten sorgen f\u00fcr einen reibungslosen BIM-Workflow. <\/p>\n\t<?xml version=\"1.0\" encoding=\"utf-8\"?>\n\t<h4>All-in-One-L\u00f6sung<\/h4>\n<p>Mit nur einer Software vergleichen und bearbeiten Sie mehr als 100 BIM-Aufzugsmodelle mit aktuellen <a href=\"https:\/\/www.elevatorarchitect.com\/de\/aufzugsabmessungen\/\">Abmessungen<\/a>.<\/p>\n\t<?xml version=\"1.0\" encoding=\"utf-8\"?>\n\t<h4>100 % fehlerfreie Zeichnungen<\/h4>\n<p>Durch Automatisierung des BIM-Prozesses werden Fehlerquellen eliminiert.<\/p>\n\t<?xml version=\"1.0\" encoding=\"utf-8\"?>\n\t<h4>Kapazit\u00e4ten erweitern<\/h4>\n<p>2D-Aufzugszeichnungen und 3D Aufzug BIM-Modelle erstellen Sie so schneller als mit jeder anderen Software.<\/p>\n\t<?xml version=\"1.0\" encoding=\"utf-8\"?>\n\t<h4>Immer Up-to-Date<\/h4>\n<p>Arbeiten Sie mit stets aktuellen Daten und zertifizierten Aufzugsserien.<\/p>\n<h2>\n\t\tAd hoc Zugriff auf Tausende 3D-Aufzug-Revit-Vorlagen\n\t<\/h2>\n\t<ul>\n<li>Download Revit-Familien (.rfa)<\/li>\n<li>Download Aufzug BIM (.ifc)<\/li>\n<\/ul>\n\t\t\t<a href=\"https:\/\/www.elevatorarchitect.com\/de\/anmeldung\/\" target=\"_self\" rel=\"noopener\">\n\t\t\t\t\t\t\tHier kostenlos starten\n\t\t\t\t\t<\/a>\n\t\t\t\t<a href=\"https:\/\/www.elevatorarchitect.com\/wp-content\/uploads\/2023\/04\/EAO_visual_features_01_750px.jpg\" target=\"_self\" itemprop=\"url\" rel=\"noopener\">\n\t\t\t\t<img decoding=\"async\" src=\"https:\/\/www.elevatorarchitect.com\/wp-content\/uploads\/2023\/04\/EAO_visual_features_01_750px.jpg\" alt=\"EAO_visual_features_01_750px\" itemprop=\"image\" height=\"413\" width=\"750\" title=\"EAO_visual_features_01_750px\" onerror=\"this.style.display='none'\"  \/>\n\t\t\t\t<\/a>\n\t\t\t\t<a href=\"https:\/\/www.elevatorarchitect.com\/wp-content\/uploads\/2023\/04\/EAO_visual_features_02_750px.png\" target=\"_self\" itemprop=\"url\" rel=\"noopener\">\n\t\t\t\t<img decoding=\"async\" src=\"https:\/\/www.elevatorarchitect.com\/wp-content\/uploads\/2023\/04\/EAO_visual_features_02_750px.png\" alt=\"EAO_visual_features_02_750px\" itemprop=\"image\" height=\"413\" width=\"750\" title=\"EAO_visual_features_02_750px\" onerror=\"this.style.display='none'\"  \/>\n\t\t\t\t<\/a>\n<h2>\n\t\tAufzug BIM-Modelle exakt konfigurieren\n\t<\/h2>\n\t<ul>\n<li>S\u00e4mtliche Aufzugs-Optionen und Parameter auf einen Blick\/ auf einem Screen<\/li>\n<li>Alle wichtigen Aufzugs-Marken (TK Elevator, Schindler &amp; Others)<\/li>\n<li>Alle wichtigen Aufzugs-Typen (Seilaufzug, Hydraulikaufzug, mit oder ohne Maschinenraum etc.)<\/li>\n<\/ul>\n\t\t\t<a href=\"https:\/\/www.elevatorarchitect.com\/de\/anmeldung\/\" target=\"_self\" rel=\"noopener\">\n\t\t\t\t\t\t\tHier kostenlos starten\n\t\t\t\t\t<\/a>\n<h2>\n\t\tLaden Sie typische 2D-H\u00f6henschnitte herunter\n\t<\/h2>\n\t<ul>\n<li>Planansichten<\/li>\n<li>Vertikale Schnitte<\/li>\n<li>T\u00fcr-Detail-Schnitte<\/li>\n<li>Details Maschinenraum<\/li>\n<\/ul>\n\t\t\t<a href=\"https:\/\/www.elevatorarchitect.com\/de\/anmeldung\/\" target=\"_self\" rel=\"noopener\">\n\t\t\t\t\t\t\tHier kostenlos starten\n\t\t\t\t\t<\/a>\n\t\t\t\t<a href=\"https:\/\/www.elevatorarchitect.com\/wp-content\/uploads\/2023\/04\/EAO_visual_features_03_750px.jpg\" target=\"_self\" itemprop=\"url\" rel=\"noopener\">\n\t\t\t\t<img decoding=\"async\" src=\"https:\/\/www.elevatorarchitect.com\/wp-content\/uploads\/2023\/04\/EAO_visual_features_03_750px.jpg\" alt=\"EAO_visual_features_03_750px\" itemprop=\"image\" height=\"413\" width=\"750\" title=\"EAO_visual_features_03_750px\" onerror=\"this.style.display='none'\"  \/>\n\t\t\t\t<\/a>\n\n","protected":false},"excerpt":{"rendered":"<p>Arbeiten mit Elevatorarchitect: Schneller, besser, sicherer. Optimieren Sie Ihren Planungsworkflow! Ob 2D-H\u00f6henschnitt oder 3D-BIM LOD 300: Mit wenigen Klicks erstellen Sie alle Ansichten und Modelle, die Sie f\u00fcr Ihr Aufzugsprojekt ben\u00f6tigen. Hochpr\u00e4zise. Und \u00fcber gesicherte Prozesse. Hier kostenlos starten Aufz\u00fcge auf Knopfdruck Vordefinierte Parameter, Komponenten und Regeln erm\u00f6glichen die effiziente Planung und vollautomatische Konfiguration Ihrer&hellip;<\/p>\n","protected":false},"author":2,"featured_media":0,"parent":0,"menu_order":4,"comment_status":"closed","ping_status":"closed","template":"","meta":{"inline_featured_image":false,"footnotes":""},"class_list":["post-180","page","type-page","status-publish","hentry"],"yoast_head":"<!-- This site is optimized with the Yoast SEO Premium plugin v27.3 (Yoast SEO v27.3) - https:\/\/yoast.com\/product\/yoast-seo-premium-wordpress\/ -->\n<title>Features - DigiPara Elevatorarchitect<\/title>\n<meta name=\"robots\" content=\"index, follow, max-snippet:-1, max-image-preview:large, max-video-preview:-1\" \/>\n<link rel=\"canonical\" href=\"https:\/\/www.elevatorarchitect.com\/de\/features\/\" \/>\n<meta property=\"og:locale\" content=\"de_DE\" \/>\n<meta property=\"og:type\" content=\"article\" \/>\n<meta property=\"og:title\" content=\"Features\" \/>\n<meta property=\"og:description\" content=\"Arbeiten mit Elevatorarchitect: Schneller, besser, sicherer. Optimieren Sie Ihren Planungsworkflow! Ob 2D-H\u00f6henschnitt oder 3D-BIM LOD 300: Mit wenigen Klicks erstellen Sie alle Ansichten und Modelle, die Sie f\u00fcr Ihr Aufzugsprojekt ben\u00f6tigen. Hochpr\u00e4zise. Und \u00fcber gesicherte Prozesse. Hier kostenlos starten Aufz\u00fcge auf Knopfdruck Vordefinierte Parameter, Komponenten und Regeln erm\u00f6glichen die effiziente Planung und vollautomatische Konfiguration Ihrer&hellip;\" \/>\n<meta property=\"og:url\" content=\"https:\/\/www.elevatorarchitect.com\/de\/features\/\" \/>\n<meta property=\"og:site_name\" content=\"DigiPara Elevatorarchitect\" \/>\n<meta property=\"article:modified_time\" content=\"2023-06-19T07:43:37+00:00\" \/>\n<meta property=\"og:image\" content=\"https:\/\/www.elevatorarchitect.com\/wp-content\/uploads\/2023\/04\/EAO_visual_features_01_750px.jpg\" \/>\n<meta name=\"twitter:card\" content=\"summary_large_image\" \/>\n<script type=\"application\/ld+json\" class=\"yoast-schema-graph\">{\"@context\":\"https:\\\/\\\/schema.org\",\"@graph\":[{\"@type\":\"WebPage\",\"@id\":\"https:\\\/\\\/www.elevatorarchitect.com\\\/de\\\/features\\\/\",\"url\":\"https:\\\/\\\/www.elevatorarchitect.com\\\/de\\\/features\\\/\",\"name\":\"Features - DigiPara Elevatorarchitect\",\"isPartOf\":{\"@id\":\"https:\\\/\\\/www.elevatorarchitect.com\\\/#website\"},\"primaryImageOfPage\":{\"@id\":\"https:\\\/\\\/www.elevatorarchitect.com\\\/de\\\/features\\\/#primaryimage\"},\"image\":{\"@id\":\"https:\\\/\\\/www.elevatorarchitect.com\\\/de\\\/features\\\/#primaryimage\"},\"thumbnailUrl\":\"https:\\\/\\\/www.elevatorarchitect.com\\\/wp-content\\\/uploads\\\/2023\\\/04\\\/EAO_visual_features_01_750px.jpg\",\"datePublished\":\"2023-02-07T03:26:15+00:00\",\"dateModified\":\"2023-06-19T07:43:37+00:00\",\"breadcrumb\":{\"@id\":\"https:\\\/\\\/www.elevatorarchitect.com\\\/de\\\/features\\\/#breadcrumb\"},\"inLanguage\":\"de\",\"potentialAction\":[{\"@type\":\"ReadAction\",\"target\":[\"https:\\\/\\\/www.elevatorarchitect.com\\\/de\\\/features\\\/\"]}]},{\"@type\":\"ImageObject\",\"inLanguage\":\"de\",\"@id\":\"https:\\\/\\\/www.elevatorarchitect.com\\\/de\\\/features\\\/#primaryimage\",\"url\":\"https:\\\/\\\/www.elevatorarchitect.com\\\/wp-content\\\/uploads\\\/2023\\\/04\\\/EAO_visual_features_01_750px.jpg\",\"contentUrl\":\"https:\\\/\\\/www.elevatorarchitect.com\\\/wp-content\\\/uploads\\\/2023\\\/04\\\/EAO_visual_features_01_750px.jpg\"},{\"@type\":\"BreadcrumbList\",\"@id\":\"https:\\\/\\\/www.elevatorarchitect.com\\\/de\\\/features\\\/#breadcrumb\",\"itemListElement\":[{\"@type\":\"ListItem\",\"position\":1,\"name\":\"Home\",\"item\":\"https:\\\/\\\/www.elevatorarchitect.com\\\/de\\\/\"},{\"@type\":\"ListItem\",\"position\":2,\"name\":\"Features\"}]},{\"@type\":\"WebSite\",\"@id\":\"https:\\\/\\\/www.elevatorarchitect.com\\\/#website\",\"url\":\"https:\\\/\\\/www.elevatorarchitect.com\\\/\",\"name\":\"DigiPara Elevatorarchitect\",\"description\":\"Elevator BIM models for Architects\",\"potentialAction\":[{\"@type\":\"SearchAction\",\"target\":{\"@type\":\"EntryPoint\",\"urlTemplate\":\"https:\\\/\\\/www.elevatorarchitect.com\\\/?s={search_term_string}\"},\"query-input\":{\"@type\":\"PropertyValueSpecification\",\"valueRequired\":true,\"valueName\":\"search_term_string\"}}],\"inLanguage\":\"de\"}]}<\/script>\n<!-- \/ Yoast SEO Premium plugin. -->","yoast_head_json":{"title":"Features - DigiPara Elevatorarchitect","robots":{"index":"index","follow":"follow","max-snippet":"max-snippet:-1","max-image-preview":"max-image-preview:large","max-video-preview":"max-video-preview:-1"},"canonical":"https:\/\/www.elevatorarchitect.com\/de\/features\/","og_locale":"de_DE","og_type":"article","og_title":"Features","og_description":"Arbeiten mit Elevatorarchitect: Schneller, besser, sicherer. Optimieren Sie Ihren Planungsworkflow! Ob 2D-H\u00f6henschnitt oder 3D-BIM LOD 300: Mit wenigen Klicks erstellen Sie alle Ansichten und Modelle, die Sie f\u00fcr Ihr Aufzugsprojekt ben\u00f6tigen. Hochpr\u00e4zise. Und \u00fcber gesicherte Prozesse. Hier kostenlos starten Aufz\u00fcge auf Knopfdruck Vordefinierte Parameter, Komponenten und Regeln erm\u00f6glichen die effiziente Planung und vollautomatische Konfiguration Ihrer&hellip;","og_url":"https:\/\/www.elevatorarchitect.com\/de\/features\/","og_site_name":"DigiPara Elevatorarchitect","article_modified_time":"2023-06-19T07:43:37+00:00","og_image":[{"url":"https:\/\/www.elevatorarchitect.com\/wp-content\/uploads\/2023\/04\/EAO_visual_features_01_750px.jpg","type":"","width":"","height":""}],"twitter_card":"summary_large_image","schema":{"@context":"https:\/\/schema.org","@graph":[{"@type":"WebPage","@id":"https:\/\/www.elevatorarchitect.com\/de\/features\/","url":"https:\/\/www.elevatorarchitect.com\/de\/features\/","name":"Features - DigiPara Elevatorarchitect","isPartOf":{"@id":"https:\/\/www.elevatorarchitect.com\/#website"},"primaryImageOfPage":{"@id":"https:\/\/www.elevatorarchitect.com\/de\/features\/#primaryimage"},"image":{"@id":"https:\/\/www.elevatorarchitect.com\/de\/features\/#primaryimage"},"thumbnailUrl":"https:\/\/www.elevatorarchitect.com\/wp-content\/uploads\/2023\/04\/EAO_visual_features_01_750px.jpg","datePublished":"2023-02-07T03:26:15+00:00","dateModified":"2023-06-19T07:43:37+00:00","breadcrumb":{"@id":"https:\/\/www.elevatorarchitect.com\/de\/features\/#breadcrumb"},"inLanguage":"de","potentialAction":[{"@type":"ReadAction","target":["https:\/\/www.elevatorarchitect.com\/de\/features\/"]}]},{"@type":"ImageObject","inLanguage":"de","@id":"https:\/\/www.elevatorarchitect.com\/de\/features\/#primaryimage","url":"https:\/\/www.elevatorarchitect.com\/wp-content\/uploads\/2023\/04\/EAO_visual_features_01_750px.jpg","contentUrl":"https:\/\/www.elevatorarchitect.com\/wp-content\/uploads\/2023\/04\/EAO_visual_features_01_750px.jpg"},{"@type":"BreadcrumbList","@id":"https:\/\/www.elevatorarchitect.com\/de\/features\/#breadcrumb","itemListElement":[{"@type":"ListItem","position":1,"name":"Home","item":"https:\/\/www.elevatorarchitect.com\/de\/"},{"@type":"ListItem","position":2,"name":"Features"}]},{"@type":"WebSite","@id":"https:\/\/www.elevatorarchitect.com\/#website","url":"https:\/\/www.elevatorarchitect.com\/","name":"DigiPara Elevatorarchitect","description":"Elevator BIM models for Architects","potentialAction":[{"@type":"SearchAction","target":{"@type":"EntryPoint","urlTemplate":"https:\/\/www.elevatorarchitect.com\/?s={search_term_string}"},"query-input":{"@type":"PropertyValueSpecification","valueRequired":true,"valueName":"search_term_string"}}],"inLanguage":"de"}]}},"_links":{"self":[{"href":"https:\/\/www.elevatorarchitect.com\/de\/wp-json\/wp\/v2\/pages\/180","targetHints":{"allow":["GET"]}}],"collection":[{"href":"https:\/\/www.elevatorarchitect.com\/de\/wp-json\/wp\/v2\/pages"}],"about":[{"href":"https:\/\/www.elevatorarchitect.com\/de\/wp-json\/wp\/v2\/types\/page"}],"author":[{"embeddable":true,"href":"https:\/\/www.elevatorarchitect.com\/de\/wp-json\/wp\/v2\/users\/2"}],"replies":[{"embeddable":true,"href":"https:\/\/www.elevatorarchitect.com\/de\/wp-json\/wp\/v2\/comments?post=180"}],"version-history":[{"count":3,"href":"https:\/\/www.elevatorarchitect.com\/de\/wp-json\/wp\/v2\/pages\/180\/revisions"}],"predecessor-version":[{"id":1879,"href":"https:\/\/www.elevatorarchitect.com\/de\/wp-json\/wp\/v2\/pages\/180\/revisions\/1879"}],"wp:attachment":[{"href":"https:\/\/www.elevatorarchitect.com\/de\/wp-json\/wp\/v2\/media?parent=180"}],"curies":[{"name":"wp","href":"https:\/\/api.w.org\/{rel}","templated":true}]}}