{"id":188,"date":"2023-02-07T13:58:37","date_gmt":"2023-02-07T11:58:37","guid":{"rendered":"http:\/\/www.elevatorarchitect.net\/?page_id=188"},"modified":"2023-05-10T16:14:41","modified_gmt":"2023-05-10T14:14:41","slug":"aufzug-design","status":"publish","type":"page","link":"https:\/\/www.elevatorarchitect.com\/de\/aufzug-design\/","title":{"rendered":"Aufzug Design"},"content":{"rendered":"\n<h3>\n\t\tAufzugsplanung\n\t<\/h3>\n<h1>\n\t\tEffektiv und erfolgreich dank BIM-Software\n\t<\/h1>\n<h4>\n\t\tGedacht f\u00fcr Architekten. Designed by DigiPara &#8211; DEM Experten f\u00fcr Aufzugsplanung. \n\t<\/h4>\n\t\t\t\t<img decoding=\"async\" src=\"https:\/\/www.elevatorarchitect.com\/wp-content\/uploads\/2023\/05\/eao-grafik-headerbereich_Aufzugsdesign.svg\" alt=\"eao-grafik-headerbereich_Aufzugsdesign\" itemprop=\"image\" title=\"eao-grafik-headerbereich_Aufzugsdesign\" onerror=\"this.style.display='none'\"  \/>\n\t<p><strong>Ob \u00f6ffentliche Geb\u00e4ude, B\u00fcros oder auch Wohnh\u00e4user &#8230; Eine immer dichtere und vielschichtigere Infrastruktur f\u00fchrt zu umfassenden Bauvorhaben mit zunehmend anspruchsvollen Spezifikationen.<\/strong><\/p>\n<p>Um den Zugang innerhalb der Infrastruktur zu erm\u00f6glichen und zu bewahren, sollten sich Aufzugsplaner schnell und flexibel an diese Gegebenheiten anpassen k\u00f6nnen. Das Kabinen-Design, gesetzliche Vorschriften oder die Ausgestaltung des Schachts &#8230; &#8211; Aufz\u00fcge sind idealerweise ma\u00dfgeschneidert. Entsprechende Pl\u00e4ne und Zeichnungen zu erstellen, ist eine komplexe Aufgabe.<\/p>\n\t\t\t\t<img decoding=\"async\" src=\"https:\/\/www.elevatorarchitect.com\/wp-content\/uploads\/2023\/05\/230509_Cover_Ckeckliste_Lead_magnet_01-211x300.png\" alt=\"230509_Cover_Ckeckliste_Lead_magnet_01\" itemprop=\"image\" height=\"300\" width=\"211\" title=\"230509_Cover_Ckeckliste_Lead_magnet_01\" onerror=\"this.style.display='none'\"  \/>\n\t<h4>Checkliste: Die 5 wichtigsten Qualit\u00e4tsmerkmale, an denen Sie hochwertige BIM-Modelle erkennen<\/h4>\n\t<div class=\"wpforms-container wpforms-container-full\" id=\"wpforms-767\"><form id=\"wpforms-form-767\" class=\"wpforms-validate wpforms-form wpforms-ajax-form\" data-formid=\"767\" method=\"post\" enctype=\"multipart\/form-data\" action=\"\/de\/wp-json\/wp\/v2\/pages\/188\" data-token=\"4505c8f17cf2670581c3264d07392359\" data-token-time=\"1778073223\"><noscript class=\"wpforms-error-noscript\">Bitte aktiviere JavaScript in deinem Browser, um dieses Formular fertigzustellen.<\/noscript><div class=\"wpforms-field-container\"><div id=\"wpforms-767-field_7-container\" class=\"wpforms-field wpforms-field-layout\" data-field-id=\"7\"><div class=\"wpforms-field-layout-columns wpforms-field-layout-preset-50-50\"><div class=\"wpforms-layout-column wpforms-layout-column-50\" ><div id=\"wpforms-767-field_3-container\" class=\"wpforms-field wpforms-field-text\" data-field-id=\"3\"><label class=\"wpforms-field-label wpforms-label-hide\" for=\"wpforms-767-field_3\">Name <span class=\"wpforms-required-label\">*<\/span><\/label><input type=\"text\" id=\"wpforms-767-field_3\" class=\"wpforms-field-medium wpforms-field-required\" name=\"wpforms[fields][3]\" placeholder=\"Name\" required><\/div><\/div><div class=\"wpforms-layout-column wpforms-layout-column-50\" ><div id=\"wpforms-767-field_2-container\" class=\"wpforms-field wpforms-field-email\" data-field-id=\"2\"><label class=\"wpforms-field-label wpforms-label-hide\" for=\"wpforms-767-field_2\">Email <span class=\"wpforms-required-label\">*<\/span><\/label><input type=\"email\" id=\"wpforms-767-field_2\" class=\"wpforms-field-medium wpforms-field-required\" name=\"wpforms[fields][2]\" placeholder=\"E-Mail-Adresse\" spellcheck=\"false\" required><\/div><\/div><\/div><\/div><\/div><!-- .wpforms-field-container --><div class=\"wpforms-submit-container\" ><input type=\"hidden\" name=\"wpforms[id]\" value=\"767\"><input type=\"hidden\" name=\"page_title\" value=\"\"><input type=\"hidden\" name=\"page_url\" value=\"https:\/\/www.elevatorarchitect.com\/de\/wp-json\/wp\/v2\/pages\/188\"><input type=\"hidden\" name=\"url_referer\" value=\"\"><button type=\"submit\" name=\"wpforms[submit]\" id=\"wpforms-submit-767\" class=\"wpforms-submit wpforms-button-light\" data-alt-text=\"Sending...\" data-submit-text=\"Download\" aria-live=\"assertive\" value=\"wpforms-submit\">Download<\/button><img decoding=\"async\" src=\"https:\/\/www.elevatorarchitect.com\/wp-content\/plugins\/wpforms\/assets\/images\/submit-spin.svg\" class=\"wpforms-submit-spinner\" style=\"display: none;\" width=\"26\" height=\"26\" alt=\"Wird geladen\"><\/div><\/form><\/div>  <!-- .wpforms-container -->\n<h2>\n\t\tWas zeichnet BIM aus?\n\t<\/h2>\n\tIn allen modernen Bauunternehmen hei\u00dft die L\u00f6sung heutzutage:<br \/>\n<strong>BIM &#8211; \u201eBuilding Information Modeling&#8221;<\/strong>.\n<p>BIM ist die\u202fGrundlage f\u00fcr die digitale Transformation in der Architektur bzw. im Bau- und Ingenieurswesen. Mittels Zeichnungen und Simulationen optimieren Sie mit BIM digital die Abl\u00e4ufe in der Entwicklung und Produktion. Automatisch arbeiten Sie dabei ressourcen- und umweltschonender. \u00dcber Simulation pr\u00fcfen Sie den aktuellen Projektentwurf auf m\u00f6gliche Kollisionen und Ungereimtheiten. Das gibt Ihnen die M\u00f6glichkeit, schnell und\u202fdirekt \u00c4nderungen vorzunehmen und das Projekt ggf. zu pr\u00e4zisieren. Ersparen Sie sich und Ihrem Team extrem umst\u00e4ndliche und mit hohen Zusatzkosten verbundene Korrekturen in einem bereits fertiggestellten Aufzug &#8211; mit DigiPara Elevatorarchitect, unserer BIM-Software f\u00fcr die Aufzugsplanung.<\/p>\n<h2>\n\t\t Legen Sie das gew\u00fcnschte Detail-Level fest und arbeiten Sie es pr\u00e4zise aus\n\t<\/h2>\n\t<p>In den Entwicklungsphasen der Aufzugsplanung\u202flegen Sie mit BIM jederzeit flexibel das &#8216;Level of Details&#8217; (LOD) fest. Im LOD finden Sie alle n\u00f6tigen Informationen vom ersten Konzept Ihres Projekts bis hin zur pr\u00e4zisen Ausformung und Fertigstellung. LOD wird gespeist aus den beiden Komponenten &#8216;LOG&#8217;, dem\u202fLevel of Geometry, und &#8216;LOI&#8217;, dem\u202fLevel of Information.<\/p>\n<p><strong>LOG<\/strong> = der geometrischen Detaillierungsgrad\u202fder einzelnen Bauteile und des fertigen Produkts.<\/p>\n<p><strong>LOI<\/strong> = die Darstellung des Detaillierungsgrades\u202fder Eigenschaften und Funktionen des Modells.<\/p>\n<p>Sie haben stets die\u202fKontrolle \u00fcber alle Einzelheiten Ihres Projektes\u202f- vom ersten bis zum letzten Schritt.<\/p>\n\t\t\t\t<img decoding=\"async\" src=\"https:\/\/www.elevatorarchitect.com\/wp-content\/uploads\/2023\/05\/BIM_Model_Aufzugdesign.jpg\" alt=\"BIM_Model_Aufzugdesign\" itemprop=\"image\" height=\"836\" width=\"351\" title=\"BIM_Model_Aufzugdesign\" onerror=\"this.style.display='none'\"  \/>\n<h2>\n\t\tBleiben Sie mit BIM immer auf dem neuesten Stand \n\t<\/h2>\n\t<p>Egal wie gro\u00df oder klein das Projekt &#8211; immer es bedarf ausgiebiger und systematischer Planung. H\u00e4ufig arbeiten verschiedene Konstruktions- und Vertriebsabteilungen zusammen. Dass st\u00e4ndig alle Beteiligten den Gesamt\u00fcberblick \u00fcber die aktuellen Entwicklungsphasen\u202fhaben, ist die gro\u00dfe Herausforderung.<\/p>\n<p>BIM ist daf\u00fcr eine ideale L\u00f6sung. \u00dcber BIM wird alles im Projekt zusammengefasst, was f\u00fcr das reibungslose, interdisziplin\u00e4re Teamwork wichtig ist. Jeder ist und bleibt auf dem neuesten Stand der Entwicklung. Die Kommunikationswege werden verk\u00fcrzt. Ihre Arbeits-Effizienz erh\u00f6ht sich enorm. Sie sparen Zeit und Kosten.<\/p>\n<h2>\n\t\tWelche Normen und Richtlinien sind in der Aufzugsplanung zu beachten? \n\t<\/h2>\n\t<p>Auch in der Aufzugsplanung gibt viele Normen und Richtlinien, die beachtet werden m\u00fcssen. Diese bezieht sich nicht nur auf Wartung und Instandhaltung. Schon im Vorfeld entscheidend ist die richtige Dimensionierung. Ebenfalls relevant sind die Sicherheitsvorkehrungen. Diese sind:<\/p>\n<ul>\n<li>Notstromversorgung<\/li>\n<li>Entrauchungsanlage<\/li>\n<li>Notsteuerung im Brand- oder Stromausfall<\/li>\n<li>Fernnotrufsystem<\/li>\n<\/ul>\n<p>Solche\u202fNormen und Richtlinien unterscheiden sich im Nutzungskontext\u202fdes Aufzugs oder der Fahrtreppe.<\/p>\n<ul>\n<li>Werden haupts\u00e4chlich Personen transportiert?<\/li>\n<li>Ist der Aufzug f\u00fcr den Einsatz in einem Krankenhaus oder einem Pflegeheim bestimmt?<\/li>\n<\/ul>\n<p>Daf\u00fcr muss der Aufzug die entsprechenden Ma\u00dfe und Sicherheitsvorkehrungen aufweisen (um etwa Krankenbetten bef\u00f6rdern zu k\u00f6nnen). In industriellen Betrieben sind zudem noch gr\u00f6\u00dfere Ma\u00dfst\u00e4be \u00fcblich &#8230;<\/p>\n<p>DigiPara Elevatorarchitect sammelt alle relevanten Daten und Informationen\u202f\u00fcber Ihr Projekt. Dies\u202fbeinhaltet auch gesetzliche Normen und Richtlinien. Die Software weist auf entsprechenden Vorschriften hin. Die erm\u00f6glicht Ihnen ein einwandfreies Aufzugsmanagement.<\/p>\n<h2>\n\t\tBIM in verschiedenen Modellen und Gr\u00f6\u00dfenordnungen\n\t<\/h2>\n\t<p>Je nach Gr\u00f6\u00dfe und Kontext des Projekts ergeben sich unterschiedliche BIM Modelle. Davon abh\u00e4ngig ist die Gr\u00f6\u00dfendimension der BIM-Anwendung.<\/p>\n<ul>\n<li><strong>Little BIM<\/strong>: Bei einem Little-BIM-Modell findet die Software\u202f Anwendung in einem begrenzten Bereich, also nur in einem B\u00fcro oder einer Fachdisziplin. Somit stellt Little-BIM eine\u202fInsell\u00f6sung\u202fdar.<\/li>\n<\/ul>\n<ul>\n<li><strong>Big BIM<\/strong>: Big BIM ist eine\u202ffach\u00fcbergreifende Anwendung, in der unterschiedliche Disziplinen und Planungsb\u00fcros ineinander \u00fcbergreifen und zusammenarbeiten. Gleichzeitig begleitet eine Big-BIM-L\u00f6sung den\u202fgesamten Lebenszyklus Ihres Projekts.<\/li>\n<\/ul>\n<ul>\n<li><strong>Open BIM<\/strong>: Bei einer Open-BIM-L\u00f6sung sind\u202foffene Schnittstellen\u202fvorhanden. Dies erm\u00f6glicht verschiedenen Mitwirkenden eines Projekts\u202fdurchg\u00e4ngigen und kompletten Zugriff\u202fauf die Entwicklung des Bauvorhabens.<\/li>\n<\/ul>\n<ul>\n<li><strong>Closed BIM<\/strong>: Eine Closed-BIM-Anwendung\u202fbeschr\u00e4nkt den Zugriff auf ein Projekt\u202f\/ auf einen Hersteller. Hier wird auf die Kompatibilit\u00e4t mit weiteren externen L\u00f6sungen verzichtet.<\/li>\n<\/ul>\n<h2>\n\t\tWas bedeutet BIM in DigiPara Elevatorarchitect?\n\t<\/h2>\n\t<p>Unsere intuitive BIM-Software ist f\u00fcr Architekten, die auch Aufz\u00fcgen planen. In dem Planungstool werden\u202falle relevanten und notwendigen Daten der Aufzugsanlage erfasst, kombiniert und digital vormodelliert. So lassen sich alle physischen Merkmale und Funktionen eines Aufzugs darstellen. Mit unserer Software erstellen Sie\u202f2D- und 3D-Zeichnungen Ihres Projekts\u202fund\u202fk\u00f6nnen mit 3D-BIM-Modellen\u202fIhr fertiges Produkt vorsimulieren.<\/p>\n<h2>\n\t\tUnsere Checkliste: Alle Vorteile der Aufzugsplanung mit DigiPara Elevatorarchitect\n\t<\/h2>\n\t<ul>\n<li>Optimierung der Aufzugsplanung<\/li>\n<li>schnelles\u202fErstellen von Installationszeichnungen\u202fin 2D und 3D<\/li>\n<li>Vorg\u00e4nge simulieren\u202fund Entw\u00fcrfe anpassen<\/li>\n<li>gro\u00dfe Auswahl bereits vorhandener Modelle und Zeichnungen\u202fin der Software nutzen<\/li>\n<li>vollautomatische Zeichnungen generieren<\/li>\n<li>Verk\u00fcrzen der Kommunikationswege\u202fim Team<\/li>\n<li>Online-Zugriff\u202fauf Ihre Zeichnungen und Modelle<\/li>\n<\/ul>\n<h2>\n\t\tAufzugsplanung mit langj\u00e4hriger Erfahrung\n\t<\/h2>\n\t<p>DigiPara Elevatorarchitect ist zugeschnitten auf die Bed\u00fcrfnisse von Architekten. Sichern Sie sich unsere\u202fAll-in-One-L\u00f6sung: Damit Ihnen komplexe Bauprojekte im Handumdrehen gelingen &#8211; garantiert!<\/p>\n<p>Wir besitzen\u202f30 Jahre Erfahrung und Fachwissen in der Softwareentwicklung. Als\u202fExperten f\u00fcr BIM in der Aufzugsbranche\u202fvertrauen weltweit f\u00fchrende Aufzug-Hersteller wie Otis, Schindler, Otis oder Kone auf DigiPara.<\/p>\n\t\t\t\t<img decoding=\"async\" src=\"https:\/\/www.elevatorarchitect.com\/wp-content\/uploads\/2023\/05\/230509_Cover_Ckeckliste_Lead_magnet_01-211x300.png\" alt=\"230509_Cover_Ckeckliste_Lead_magnet_01\" itemprop=\"image\" height=\"300\" width=\"211\" title=\"230509_Cover_Ckeckliste_Lead_magnet_01\" onerror=\"this.style.display='none'\"  \/>\n\t<h4>Checkliste: Die 5 wichtigsten Qualit\u00e4tsmerkmale, an denen Sie hochwertige BIM-Modelle erkennen<\/h4>\n\t<div class=\"wpforms-container wpforms-container-full\" id=\"wpforms-767\"><form id=\"wpforms-form-767\" class=\"wpforms-validate wpforms-form wpforms-ajax-form\" data-formid=\"767\" method=\"post\" enctype=\"multipart\/form-data\" action=\"\/de\/wp-json\/wp\/v2\/pages\/188\" data-token=\"4505c8f17cf2670581c3264d07392359\" data-token-time=\"1778073223\"><noscript class=\"wpforms-error-noscript\">Bitte aktiviere JavaScript in deinem Browser, um dieses Formular fertigzustellen.<\/noscript><div class=\"wpforms-field-container\"><div id=\"wpforms-767-field_7-container\" class=\"wpforms-field wpforms-field-layout\" data-field-id=\"7\"><div class=\"wpforms-field-layout-columns wpforms-field-layout-preset-50-50\"><div class=\"wpforms-layout-column wpforms-layout-column-50\" ><div id=\"wpforms-767-field_3-container\" class=\"wpforms-field wpforms-field-text\" data-field-id=\"3\"><label class=\"wpforms-field-label wpforms-label-hide\" for=\"wpforms-767-field_3\">Name <span class=\"wpforms-required-label\">*<\/span><\/label><input type=\"text\" id=\"wpforms-767-field_3\" class=\"wpforms-field-medium wpforms-field-required\" name=\"wpforms[fields][3]\" placeholder=\"Name\" required><\/div><\/div><div class=\"wpforms-layout-column wpforms-layout-column-50\" ><div id=\"wpforms-767-field_2-container\" class=\"wpforms-field wpforms-field-email\" data-field-id=\"2\"><label class=\"wpforms-field-label wpforms-label-hide\" for=\"wpforms-767-field_2\">Email <span class=\"wpforms-required-label\">*<\/span><\/label><input type=\"email\" id=\"wpforms-767-field_2\" class=\"wpforms-field-medium wpforms-field-required\" name=\"wpforms[fields][2]\" placeholder=\"E-Mail-Adresse\" spellcheck=\"false\" required><\/div><\/div><\/div><\/div><\/div><!-- .wpforms-field-container --><div class=\"wpforms-submit-container\" ><input type=\"hidden\" name=\"wpforms[id]\" value=\"767\"><input type=\"hidden\" name=\"page_title\" value=\"\"><input type=\"hidden\" name=\"page_url\" value=\"https:\/\/www.elevatorarchitect.com\/de\/wp-json\/wp\/v2\/pages\/188\"><input type=\"hidden\" name=\"url_referer\" value=\"\"><button type=\"submit\" name=\"wpforms[submit]\" id=\"wpforms-submit-767\" class=\"wpforms-submit wpforms-button-light\" data-alt-text=\"Sending...\" data-submit-text=\"Download\" aria-live=\"assertive\" value=\"wpforms-submit\">Download<\/button><img decoding=\"async\" src=\"https:\/\/www.elevatorarchitect.com\/wp-content\/plugins\/wpforms\/assets\/images\/submit-spin.svg\" class=\"wpforms-submit-spinner\" style=\"display: none;\" width=\"26\" height=\"26\" alt=\"Wird geladen\"><\/div><\/form><\/div>  <!-- .wpforms-container -->\n\n","protected":false},"excerpt":{"rendered":"<p>Aufzugsplanung Effektiv und erfolgreich dank BIM-Software Gedacht f\u00fcr Architekten. Designed by DigiPara &#8211; DEM Experten f\u00fcr Aufzugsplanung. Ob \u00f6ffentliche Geb\u00e4ude, B\u00fcros oder auch Wohnh\u00e4user &#8230; Eine immer dichtere und vielschichtigere Infrastruktur f\u00fchrt zu umfassenden Bauvorhaben mit zunehmend anspruchsvollen Spezifikationen. Um den Zugang innerhalb der Infrastruktur zu erm\u00f6glichen und zu bewahren, sollten sich Aufzugsplaner schnell und&hellip;<\/p>\n","protected":false},"author":2,"featured_media":0,"parent":0,"menu_order":21,"comment_status":"closed","ping_status":"closed","template":"","meta":{"inline_featured_image":false,"footnotes":""},"class_list":["post-188","page","type-page","status-publish","hentry"],"yoast_head":"<!-- This site is optimized with the Yoast SEO Premium plugin v27.4 (Yoast SEO v27.4) - https:\/\/yoast.com\/product\/yoast-seo-premium-wordpress\/ -->\n<title>Aufzug Design - DigiPara Elevatorarchitect<\/title>\n<meta name=\"robots\" content=\"index, follow, max-snippet:-1, max-image-preview:large, max-video-preview:-1\" \/>\n<link rel=\"canonical\" href=\"https:\/\/www.elevatorarchitect.com\/de\/aufzug-design\/\" \/>\n<meta property=\"og:locale\" content=\"de_DE\" \/>\n<meta property=\"og:type\" content=\"article\" \/>\n<meta property=\"og:title\" content=\"Aufzug Design\" \/>\n<meta property=\"og:description\" content=\"Aufzugsplanung Effektiv und erfolgreich dank BIM-Software Gedacht f\u00fcr Architekten. Designed by DigiPara &#8211; DEM Experten f\u00fcr Aufzugsplanung. Ob \u00f6ffentliche Geb\u00e4ude, B\u00fcros oder auch Wohnh\u00e4user &#8230; Eine immer dichtere und vielschichtigere Infrastruktur f\u00fchrt zu umfassenden Bauvorhaben mit zunehmend anspruchsvollen Spezifikationen. Um den Zugang innerhalb der Infrastruktur zu erm\u00f6glichen und zu bewahren, sollten sich Aufzugsplaner schnell und&hellip;\" \/>\n<meta property=\"og:url\" content=\"https:\/\/www.elevatorarchitect.com\/de\/aufzug-design\/\" \/>\n<meta property=\"og:site_name\" content=\"DigiPara Elevatorarchitect\" \/>\n<meta property=\"article:modified_time\" content=\"2023-05-10T14:14:41+00:00\" \/>\n<meta property=\"og:image\" content=\"https:\/\/www.elevatorarchitect.com\/wp-content\/uploads\/2023\/05\/eao-grafik-headerbereich_Aufzugsdesign.svg\" \/>\n<meta name=\"twitter:card\" content=\"summary_large_image\" \/>\n<meta name=\"twitter:label1\" content=\"Gesch\u00e4tzte Lesezeit\" \/>\n\t<meta name=\"twitter:data1\" content=\"5\u00a0Minuten\" \/>\n<script type=\"application\/ld+json\" class=\"yoast-schema-graph\">{\"@context\":\"https:\\\/\\\/schema.org\",\"@graph\":[{\"@type\":\"WebPage\",\"@id\":\"https:\\\/\\\/www.elevatorarchitect.com\\\/de\\\/aufzug-design\\\/\",\"url\":\"https:\\\/\\\/www.elevatorarchitect.com\\\/de\\\/aufzug-design\\\/\",\"name\":\"Aufzug Design - DigiPara Elevatorarchitect\",\"isPartOf\":{\"@id\":\"https:\\\/\\\/www.elevatorarchitect.com\\\/#website\"},\"primaryImageOfPage\":{\"@id\":\"https:\\\/\\\/www.elevatorarchitect.com\\\/de\\\/aufzug-design\\\/#primaryimage\"},\"image\":{\"@id\":\"https:\\\/\\\/www.elevatorarchitect.com\\\/de\\\/aufzug-design\\\/#primaryimage\"},\"thumbnailUrl\":\"https:\\\/\\\/www.elevatorarchitect.com\\\/wp-content\\\/uploads\\\/2023\\\/05\\\/eao-grafik-headerbereich_Aufzugsdesign.svg\",\"datePublished\":\"2023-02-07T11:58:37+00:00\",\"dateModified\":\"2023-05-10T14:14:41+00:00\",\"breadcrumb\":{\"@id\":\"https:\\\/\\\/www.elevatorarchitect.com\\\/de\\\/aufzug-design\\\/#breadcrumb\"},\"inLanguage\":\"de\",\"potentialAction\":[{\"@type\":\"ReadAction\",\"target\":[\"https:\\\/\\\/www.elevatorarchitect.com\\\/de\\\/aufzug-design\\\/\"]}]},{\"@type\":\"ImageObject\",\"inLanguage\":\"de\",\"@id\":\"https:\\\/\\\/www.elevatorarchitect.com\\\/de\\\/aufzug-design\\\/#primaryimage\",\"url\":\"https:\\\/\\\/www.elevatorarchitect.com\\\/wp-content\\\/uploads\\\/2023\\\/05\\\/eao-grafik-headerbereich_Aufzugsdesign.svg\",\"contentUrl\":\"https:\\\/\\\/www.elevatorarchitect.com\\\/wp-content\\\/uploads\\\/2023\\\/05\\\/eao-grafik-headerbereich_Aufzugsdesign.svg\"},{\"@type\":\"BreadcrumbList\",\"@id\":\"https:\\\/\\\/www.elevatorarchitect.com\\\/de\\\/aufzug-design\\\/#breadcrumb\",\"itemListElement\":[{\"@type\":\"ListItem\",\"position\":1,\"name\":\"Home\",\"item\":\"https:\\\/\\\/www.elevatorarchitect.com\\\/de\\\/\"},{\"@type\":\"ListItem\",\"position\":2,\"name\":\"Aufzug Design\"}]},{\"@type\":\"WebSite\",\"@id\":\"https:\\\/\\\/www.elevatorarchitect.com\\\/#website\",\"url\":\"https:\\\/\\\/www.elevatorarchitect.com\\\/\",\"name\":\"DigiPara Elevatorarchitect\",\"description\":\"Elevator BIM models for Architects\",\"potentialAction\":[{\"@type\":\"SearchAction\",\"target\":{\"@type\":\"EntryPoint\",\"urlTemplate\":\"https:\\\/\\\/www.elevatorarchitect.com\\\/?s={search_term_string}\"},\"query-input\":{\"@type\":\"PropertyValueSpecification\",\"valueRequired\":true,\"valueName\":\"search_term_string\"}}],\"inLanguage\":\"de\"}]}<\/script>\n<!-- \/ Yoast SEO Premium plugin. -->","yoast_head_json":{"title":"Aufzug Design - DigiPara Elevatorarchitect","robots":{"index":"index","follow":"follow","max-snippet":"max-snippet:-1","max-image-preview":"max-image-preview:large","max-video-preview":"max-video-preview:-1"},"canonical":"https:\/\/www.elevatorarchitect.com\/de\/aufzug-design\/","og_locale":"de_DE","og_type":"article","og_title":"Aufzug Design","og_description":"Aufzugsplanung Effektiv und erfolgreich dank BIM-Software Gedacht f\u00fcr Architekten. Designed by DigiPara &#8211; DEM Experten f\u00fcr Aufzugsplanung. Ob \u00f6ffentliche Geb\u00e4ude, B\u00fcros oder auch Wohnh\u00e4user &#8230; Eine immer dichtere und vielschichtigere Infrastruktur f\u00fchrt zu umfassenden Bauvorhaben mit zunehmend anspruchsvollen Spezifikationen. Um den Zugang innerhalb der Infrastruktur zu erm\u00f6glichen und zu bewahren, sollten sich Aufzugsplaner schnell und&hellip;","og_url":"https:\/\/www.elevatorarchitect.com\/de\/aufzug-design\/","og_site_name":"DigiPara Elevatorarchitect","article_modified_time":"2023-05-10T14:14:41+00:00","og_image":[{"url":"https:\/\/www.elevatorarchitect.com\/wp-content\/uploads\/2023\/05\/eao-grafik-headerbereich_Aufzugsdesign.svg","type":"","width":"","height":""}],"twitter_card":"summary_large_image","twitter_misc":{"Gesch\u00e4tzte Lesezeit":"5\u00a0Minuten"},"schema":{"@context":"https:\/\/schema.org","@graph":[{"@type":"WebPage","@id":"https:\/\/www.elevatorarchitect.com\/de\/aufzug-design\/","url":"https:\/\/www.elevatorarchitect.com\/de\/aufzug-design\/","name":"Aufzug Design - DigiPara Elevatorarchitect","isPartOf":{"@id":"https:\/\/www.elevatorarchitect.com\/#website"},"primaryImageOfPage":{"@id":"https:\/\/www.elevatorarchitect.com\/de\/aufzug-design\/#primaryimage"},"image":{"@id":"https:\/\/www.elevatorarchitect.com\/de\/aufzug-design\/#primaryimage"},"thumbnailUrl":"https:\/\/www.elevatorarchitect.com\/wp-content\/uploads\/2023\/05\/eao-grafik-headerbereich_Aufzugsdesign.svg","datePublished":"2023-02-07T11:58:37+00:00","dateModified":"2023-05-10T14:14:41+00:00","breadcrumb":{"@id":"https:\/\/www.elevatorarchitect.com\/de\/aufzug-design\/#breadcrumb"},"inLanguage":"de","potentialAction":[{"@type":"ReadAction","target":["https:\/\/www.elevatorarchitect.com\/de\/aufzug-design\/"]}]},{"@type":"ImageObject","inLanguage":"de","@id":"https:\/\/www.elevatorarchitect.com\/de\/aufzug-design\/#primaryimage","url":"https:\/\/www.elevatorarchitect.com\/wp-content\/uploads\/2023\/05\/eao-grafik-headerbereich_Aufzugsdesign.svg","contentUrl":"https:\/\/www.elevatorarchitect.com\/wp-content\/uploads\/2023\/05\/eao-grafik-headerbereich_Aufzugsdesign.svg"},{"@type":"BreadcrumbList","@id":"https:\/\/www.elevatorarchitect.com\/de\/aufzug-design\/#breadcrumb","itemListElement":[{"@type":"ListItem","position":1,"name":"Home","item":"https:\/\/www.elevatorarchitect.com\/de\/"},{"@type":"ListItem","position":2,"name":"Aufzug Design"}]},{"@type":"WebSite","@id":"https:\/\/www.elevatorarchitect.com\/#website","url":"https:\/\/www.elevatorarchitect.com\/","name":"DigiPara Elevatorarchitect","description":"Elevator BIM models for Architects","potentialAction":[{"@type":"SearchAction","target":{"@type":"EntryPoint","urlTemplate":"https:\/\/www.elevatorarchitect.com\/?s={search_term_string}"},"query-input":{"@type":"PropertyValueSpecification","valueRequired":true,"valueName":"search_term_string"}}],"inLanguage":"de"}]}},"_links":{"self":[{"href":"https:\/\/www.elevatorarchitect.com\/de\/wp-json\/wp\/v2\/pages\/188","targetHints":{"allow":["GET"]}}],"collection":[{"href":"https:\/\/www.elevatorarchitect.com\/de\/wp-json\/wp\/v2\/pages"}],"about":[{"href":"https:\/\/www.elevatorarchitect.com\/de\/wp-json\/wp\/v2\/types\/page"}],"author":[{"embeddable":true,"href":"https:\/\/www.elevatorarchitect.com\/de\/wp-json\/wp\/v2\/users\/2"}],"replies":[{"embeddable":true,"href":"https:\/\/www.elevatorarchitect.com\/de\/wp-json\/wp\/v2\/comments?post=188"}],"version-history":[{"count":3,"href":"https:\/\/www.elevatorarchitect.com\/de\/wp-json\/wp\/v2\/pages\/188\/revisions"}],"predecessor-version":[{"id":1782,"href":"https:\/\/www.elevatorarchitect.com\/de\/wp-json\/wp\/v2\/pages\/188\/revisions\/1782"}],"wp:attachment":[{"href":"https:\/\/www.elevatorarchitect.com\/de\/wp-json\/wp\/v2\/media?parent=188"}],"curies":[{"name":"wp","href":"https:\/\/api.w.org\/{rel}","templated":true}]}}