{"id":200,"date":"2023-02-07T13:56:29","date_gmt":"2023-02-07T11:56:29","guid":{"rendered":"http:\/\/www.elevatorarchitect.net\/?page_id=200"},"modified":"2023-11-02T12:25:50","modified_gmt":"2023-11-02T10:25:50","slug":"ruecktrittsrecht","status":"publish","type":"page","link":"https:\/\/www.elevatorarchitect.com\/de\/ruecktrittsrecht\/","title":{"rendered":"R\u00fccktrittsrecht"},"content":{"rendered":"\n<h1>\n\t\tRichtlinien zum R\u00fccktrittsrecht\n\t<\/h1>\n\t<p><strong>ALLGEMEINE BEDINGUNGEN f\u00fcr die Zufriedenheitsgarantie<\/strong><\/p>\n<p>Die von DigiPara entwickelte Software DigiPara Elevatorarchitect ist auf Try-before-you-buy-Basis erh\u00e4ltlich. Wir empfehlen Ihnen, die Software vor der Zahlung auszuprobieren, um sicherzustellen, dass sie Ihren Anforderungen entspricht. Hierf\u00fcr bieten wir eine kostenlose 14t\u00e4gige Testphase an.<\/p>\n<p>Sollten Sie die Software auch nach Ablauf der Testphase nutzen und den Vertrag nicht gek\u00fcndigt haben, bieten wir einen im Rahmen unser 30t\u00e4gigen Zufriedenheitsgarantie die M\u00f6glichkeit, binnen 30 Tagen nach Vertragsbeginn kostenfrei zur\u00fcckzutreten. Bei einem R\u00fccktritt innerhalb der 30t\u00e4gigen Zufriedenheitsgarantie erhalten Sie eine vollst\u00e4ndige R\u00fcckerstattung einer bereits gezahlten Verg\u00fctung.<\/p>\n<p>Einzige Bedingungen:<\/p>\n<ol>\n<li>Bitte wenden Sie sich f\u00fcr eine R\u00fcckerstattung per E-Mail an unser Kundendienstteam unter <a href=\"mailto:info@digipara.com\">info@digipara.com<\/a> und teilen Sie uns den Grund Ihrer Unzufriedenheit mit.<\/li>\n<li>Es handelt sich um den ersten Vertrag \u00fcber die Nutzung der Software, von welchem Sie \u00fcber die Zufriedenheitsgarantie zur\u00fccktreten.<\/li>\n<\/ol>\n<p>Ihre R\u00fcckerstattung sollte innerhalb von 7 bis 10 Werktagen auf Ihrer Kreditkartenabrechnung erscheinen.<\/p>\n<p><strong>Nach Erhalt Ihres R\u00fccktritts behalten wir uns vor, Ihren Zugang zu Elevatorarchitect mit sofortiger Wirkung zu deaktivieren und Ihre Daten zu l\u00f6schen. <\/strong><\/p>\n\n","protected":false},"excerpt":{"rendered":"<p>Richtlinien zum R\u00fccktrittsrecht ALLGEMEINE BEDINGUNGEN f\u00fcr die Zufriedenheitsgarantie Die von DigiPara entwickelte Software DigiPara Elevatorarchitect ist auf Try-before-you-buy-Basis erh\u00e4ltlich. Wir empfehlen Ihnen, die Software vor der Zahlung auszuprobieren, um sicherzustellen, dass sie Ihren Anforderungen entspricht. Hierf\u00fcr bieten wir eine kostenlose 14t\u00e4gige Testphase an. Sollten Sie die Software auch nach Ablauf der Testphase nutzen und den&hellip;<\/p>\n","protected":false},"author":2,"featured_media":0,"parent":0,"menu_order":32,"comment_status":"closed","ping_status":"closed","template":"","meta":{"inline_featured_image":false,"footnotes":""},"class_list":["post-200","page","type-page","status-publish","hentry"],"yoast_head":"<!-- This site is optimized with the Yoast SEO Premium plugin v27.3 (Yoast SEO v27.3) - https:\/\/yoast.com\/product\/yoast-seo-premium-wordpress\/ -->\n<title>R\u00fccktrittsrecht - DigiPara Elevatorarchitect<\/title>\n<meta name=\"robots\" content=\"index, follow, max-snippet:-1, max-image-preview:large, max-video-preview:-1\" \/>\n<link rel=\"canonical\" href=\"https:\/\/www.elevatorarchitect.com\/de\/ruecktrittsrecht\/\" \/>\n<meta property=\"og:locale\" content=\"de_DE\" \/>\n<meta property=\"og:type\" content=\"article\" \/>\n<meta property=\"og:title\" content=\"R\u00fccktrittsrecht\" \/>\n<meta property=\"og:description\" content=\"Richtlinien zum R\u00fccktrittsrecht ALLGEMEINE BEDINGUNGEN f\u00fcr die Zufriedenheitsgarantie Die von DigiPara entwickelte Software DigiPara Elevatorarchitect ist auf Try-before-you-buy-Basis erh\u00e4ltlich. Wir empfehlen Ihnen, die Software vor der Zahlung auszuprobieren, um sicherzustellen, dass sie Ihren Anforderungen entspricht. Hierf\u00fcr bieten wir eine kostenlose 14t\u00e4gige Testphase an. Sollten Sie die Software auch nach Ablauf der Testphase nutzen und den&hellip;\" \/>\n<meta property=\"og:url\" content=\"https:\/\/www.elevatorarchitect.com\/de\/ruecktrittsrecht\/\" \/>\n<meta property=\"og:site_name\" content=\"DigiPara Elevatorarchitect\" \/>\n<meta property=\"article:modified_time\" content=\"2023-11-02T10:25:50+00:00\" \/>\n<meta name=\"twitter:card\" content=\"summary_large_image\" \/>\n<meta name=\"twitter:label1\" content=\"Gesch\u00e4tzte Lesezeit\" \/>\n\t<meta name=\"twitter:data1\" content=\"1\u00a0Minute\" \/>\n<script type=\"application\/ld+json\" class=\"yoast-schema-graph\">{\"@context\":\"https:\\\/\\\/schema.org\",\"@graph\":[{\"@type\":\"WebPage\",\"@id\":\"https:\\\/\\\/www.elevatorarchitect.com\\\/de\\\/ruecktrittsrecht\\\/\",\"url\":\"https:\\\/\\\/www.elevatorarchitect.com\\\/de\\\/ruecktrittsrecht\\\/\",\"name\":\"R\u00fccktrittsrecht - DigiPara Elevatorarchitect\",\"isPartOf\":{\"@id\":\"https:\\\/\\\/www.elevatorarchitect.com\\\/#website\"},\"datePublished\":\"2023-02-07T11:56:29+00:00\",\"dateModified\":\"2023-11-02T10:25:50+00:00\",\"breadcrumb\":{\"@id\":\"https:\\\/\\\/www.elevatorarchitect.com\\\/de\\\/ruecktrittsrecht\\\/#breadcrumb\"},\"inLanguage\":\"de\",\"potentialAction\":[{\"@type\":\"ReadAction\",\"target\":[\"https:\\\/\\\/www.elevatorarchitect.com\\\/de\\\/ruecktrittsrecht\\\/\"]}]},{\"@type\":\"BreadcrumbList\",\"@id\":\"https:\\\/\\\/www.elevatorarchitect.com\\\/de\\\/ruecktrittsrecht\\\/#breadcrumb\",\"itemListElement\":[{\"@type\":\"ListItem\",\"position\":1,\"name\":\"Home\",\"item\":\"https:\\\/\\\/www.elevatorarchitect.com\\\/de\\\/\"},{\"@type\":\"ListItem\",\"position\":2,\"name\":\"R\u00fccktrittsrecht\"}]},{\"@type\":\"WebSite\",\"@id\":\"https:\\\/\\\/www.elevatorarchitect.com\\\/#website\",\"url\":\"https:\\\/\\\/www.elevatorarchitect.com\\\/\",\"name\":\"DigiPara Elevatorarchitect\",\"description\":\"Elevator BIM models for Architects\",\"potentialAction\":[{\"@type\":\"SearchAction\",\"target\":{\"@type\":\"EntryPoint\",\"urlTemplate\":\"https:\\\/\\\/www.elevatorarchitect.com\\\/?s={search_term_string}\"},\"query-input\":{\"@type\":\"PropertyValueSpecification\",\"valueRequired\":true,\"valueName\":\"search_term_string\"}}],\"inLanguage\":\"de\"}]}<\/script>\n<!-- \/ Yoast SEO Premium plugin. -->","yoast_head_json":{"title":"R\u00fccktrittsrecht - DigiPara Elevatorarchitect","robots":{"index":"index","follow":"follow","max-snippet":"max-snippet:-1","max-image-preview":"max-image-preview:large","max-video-preview":"max-video-preview:-1"},"canonical":"https:\/\/www.elevatorarchitect.com\/de\/ruecktrittsrecht\/","og_locale":"de_DE","og_type":"article","og_title":"R\u00fccktrittsrecht","og_description":"Richtlinien zum R\u00fccktrittsrecht ALLGEMEINE BEDINGUNGEN f\u00fcr die Zufriedenheitsgarantie Die von DigiPara entwickelte Software DigiPara Elevatorarchitect ist auf Try-before-you-buy-Basis erh\u00e4ltlich. Wir empfehlen Ihnen, die Software vor der Zahlung auszuprobieren, um sicherzustellen, dass sie Ihren Anforderungen entspricht. Hierf\u00fcr bieten wir eine kostenlose 14t\u00e4gige Testphase an. Sollten Sie die Software auch nach Ablauf der Testphase nutzen und den&hellip;","og_url":"https:\/\/www.elevatorarchitect.com\/de\/ruecktrittsrecht\/","og_site_name":"DigiPara Elevatorarchitect","article_modified_time":"2023-11-02T10:25:50+00:00","twitter_card":"summary_large_image","twitter_misc":{"Gesch\u00e4tzte Lesezeit":"1\u00a0Minute"},"schema":{"@context":"https:\/\/schema.org","@graph":[{"@type":"WebPage","@id":"https:\/\/www.elevatorarchitect.com\/de\/ruecktrittsrecht\/","url":"https:\/\/www.elevatorarchitect.com\/de\/ruecktrittsrecht\/","name":"R\u00fccktrittsrecht - DigiPara Elevatorarchitect","isPartOf":{"@id":"https:\/\/www.elevatorarchitect.com\/#website"},"datePublished":"2023-02-07T11:56:29+00:00","dateModified":"2023-11-02T10:25:50+00:00","breadcrumb":{"@id":"https:\/\/www.elevatorarchitect.com\/de\/ruecktrittsrecht\/#breadcrumb"},"inLanguage":"de","potentialAction":[{"@type":"ReadAction","target":["https:\/\/www.elevatorarchitect.com\/de\/ruecktrittsrecht\/"]}]},{"@type":"BreadcrumbList","@id":"https:\/\/www.elevatorarchitect.com\/de\/ruecktrittsrecht\/#breadcrumb","itemListElement":[{"@type":"ListItem","position":1,"name":"Home","item":"https:\/\/www.elevatorarchitect.com\/de\/"},{"@type":"ListItem","position":2,"name":"R\u00fccktrittsrecht"}]},{"@type":"WebSite","@id":"https:\/\/www.elevatorarchitect.com\/#website","url":"https:\/\/www.elevatorarchitect.com\/","name":"DigiPara Elevatorarchitect","description":"Elevator BIM models for Architects","potentialAction":[{"@type":"SearchAction","target":{"@type":"EntryPoint","urlTemplate":"https:\/\/www.elevatorarchitect.com\/?s={search_term_string}"},"query-input":{"@type":"PropertyValueSpecification","valueRequired":true,"valueName":"search_term_string"}}],"inLanguage":"de"}]}},"_links":{"self":[{"href":"https:\/\/www.elevatorarchitect.com\/de\/wp-json\/wp\/v2\/pages\/200","targetHints":{"allow":["GET"]}}],"collection":[{"href":"https:\/\/www.elevatorarchitect.com\/de\/wp-json\/wp\/v2\/pages"}],"about":[{"href":"https:\/\/www.elevatorarchitect.com\/de\/wp-json\/wp\/v2\/types\/page"}],"author":[{"embeddable":true,"href":"https:\/\/www.elevatorarchitect.com\/de\/wp-json\/wp\/v2\/users\/2"}],"replies":[{"embeddable":true,"href":"https:\/\/www.elevatorarchitect.com\/de\/wp-json\/wp\/v2\/comments?post=200"}],"version-history":[{"count":3,"href":"https:\/\/www.elevatorarchitect.com\/de\/wp-json\/wp\/v2\/pages\/200\/revisions"}],"predecessor-version":[{"id":1950,"href":"https:\/\/www.elevatorarchitect.com\/de\/wp-json\/wp\/v2\/pages\/200\/revisions\/1950"}],"wp:attachment":[{"href":"https:\/\/www.elevatorarchitect.com\/de\/wp-json\/wp\/v2\/media?parent=200"}],"curies":[{"name":"wp","href":"https:\/\/api.w.org\/{rel}","templated":true}]}}